{"id":12796,"date":"2019-11-25T07:34:49","date_gmt":"2019-11-25T06:34:49","guid":{"rendered":"https:\/\/conraddesign.dk\/shop\/unkategorisiert\/alpaca\/"},"modified":"2025-09-24T14:18:04","modified_gmt":"2025-09-24T12:18:04","slug":"alpaca","status":"publish","type":"product","link":"https:\/\/conraddesign.dk\/de\/shop\/wolle\/farbkarte-de\/alpaca\/","title":{"rendered":"Alpaca"},"content":{"rendered":"<p>Unser Alpaca Wolle ist ein d\u00fcnnes und leckeres 2 t empfohlen 100 reines Alpaca.<\/p>\n<p>Alpaka ist in 30 sch\u00f6nen Farben erh\u00e4ltlich.<\/p>\n<p>Strickfestigkeit: 2\u00bd \u2013 3 (ca. 25 Stiche von 10 Cm). 2 F\u00e4den von s 3\u00bd \u2013 4 (ca. 23 Masken von 10 Cm).<\/p>\n<p>Kommt in Schl\u00fcsseln von ca. 50 g. Die Laufl\u00e4nge betr\u00e4gt ca. 400 m pro 50 g.<\/p>\n<header class=\"woocommerce-products-header\">\n<div class=\"term-description\">\n<p>&nbsp;<\/p>\n<p>&nbsp;<\/p>\n<\/div>\n<\/header>\n<div class=\"woocommerce-notices-wrapper\"><\/div>\n<div class=\"switcher-wrap\">\n<div class=\"view-mode-switcher\"><\/div>\n<\/div>\n","protected":false},"excerpt":{"rendered":"<p>Alpaca-Farbkarte<\/p>\n","protected":false},"featured_media":10857,"template":"","meta":{"_acf_changed":false},"product_brand":[],"product_cat":[390,391],"product_tag":[],"class_list":{"0":"post-12796","1":"product","2":"type-product","3":"status-publish","4":"has-post-thumbnail","6":"product_cat-wolle","7":"product_cat-farbkarte-de","8":"tm-no-options","10":"first","11":"instock","12":"taxable","13":"shipping-taxable","14":"purchasable","15":"product-type-simple"},"acf":[],"yoast_head":"<!-- This site is optimized with the Yoast SEO plugin v27.5 - https:\/\/yoast.com\/product\/yoast-seo-wordpress\/ -->\n<title>Alpaca - Conraddesign<\/title>\n<meta name=\"robots\" content=\"index, follow, max-snippet:-1, max-image-preview:large, max-video-preview:-1\" \/>\n<link rel=\"canonical\" href=\"https:\/\/conraddesign.dk\/de\/shop\/wolle\/farbkarte-de\/alpaca\/\" \/>\n<meta property=\"og:locale\" content=\"de_DE\" \/>\n<meta property=\"og:type\" content=\"article\" \/>\n<meta property=\"og:title\" content=\"Alpaca - Conraddesign\" \/>\n<meta property=\"og:description\" content=\"Alpaca-Farbkarte\" \/>\n<meta property=\"og:url\" content=\"https:\/\/conraddesign.dk\/de\/shop\/wolle\/farbkarte-de\/alpaca\/\" \/>\n<meta property=\"og:site_name\" content=\"Conraddesign\" \/>\n<meta property=\"article:modified_time\" content=\"2025-09-24T12:18:04+00:00\" \/>\n<meta property=\"og:image\" content=\"https:\/\/conraddesign.dk\/wp-content\/uploads\/Farvekort-Alpaca-e1574709485966-1.jpg\" \/>\n\t<meta property=\"og:image:width\" content=\"800\" \/>\n\t<meta property=\"og:image:height\" content=\"1067\" \/>\n\t<meta property=\"og:image:type\" content=\"image\/jpeg\" \/>\n<meta name=\"twitter:card\" content=\"summary_large_image\" \/>\n<script type=\"application\/ld+json\" class=\"yoast-schema-graph\">{\"@context\":\"https:\\\/\\\/schema.org\",\"@graph\":[{\"@type\":\"WebPage\",\"@id\":\"https:\\\/\\\/conraddesign.dk\\\/de\\\/shop\\\/wolle\\\/farbkarte-de\\\/alpaca\\\/\",\"url\":\"https:\\\/\\\/conraddesign.dk\\\/de\\\/shop\\\/wolle\\\/farbkarte-de\\\/alpaca\\\/\",\"name\":\"Alpaca - Conraddesign\",\"isPartOf\":{\"@id\":\"https:\\\/\\\/conraddesign.dk\\\/de\\\/#website\"},\"primaryImageOfPage\":{\"@id\":\"https:\\\/\\\/conraddesign.dk\\\/de\\\/shop\\\/wolle\\\/farbkarte-de\\\/alpaca\\\/#primaryimage\"},\"image\":{\"@id\":\"https:\\\/\\\/conraddesign.dk\\\/de\\\/shop\\\/wolle\\\/farbkarte-de\\\/alpaca\\\/#primaryimage\"},\"thumbnailUrl\":\"https:\\\/\\\/conraddesign.dk\\\/wp-content\\\/uploads\\\/Farvekort-Alpaca-e1574709485966-1.jpg\",\"datePublished\":\"2019-11-25T06:34:49+00:00\",\"dateModified\":\"2025-09-24T12:18:04+00:00\",\"breadcrumb\":{\"@id\":\"https:\\\/\\\/conraddesign.dk\\\/de\\\/shop\\\/wolle\\\/farbkarte-de\\\/alpaca\\\/#breadcrumb\"},\"inLanguage\":\"de\",\"potentialAction\":[{\"@type\":\"ReadAction\",\"target\":[\"https:\\\/\\\/conraddesign.dk\\\/de\\\/shop\\\/wolle\\\/farbkarte-de\\\/alpaca\\\/\"]}]},{\"@type\":\"ImageObject\",\"inLanguage\":\"de\",\"@id\":\"https:\\\/\\\/conraddesign.dk\\\/de\\\/shop\\\/wolle\\\/farbkarte-de\\\/alpaca\\\/#primaryimage\",\"url\":\"https:\\\/\\\/conraddesign.dk\\\/wp-content\\\/uploads\\\/Farvekort-Alpaca-e1574709485966-1.jpg\",\"contentUrl\":\"https:\\\/\\\/conraddesign.dk\\\/wp-content\\\/uploads\\\/Farvekort-Alpaca-e1574709485966-1.jpg\",\"width\":800,\"height\":1067},{\"@type\":\"BreadcrumbList\",\"@id\":\"https:\\\/\\\/conraddesign.dk\\\/de\\\/shop\\\/wolle\\\/farbkarte-de\\\/alpaca\\\/#breadcrumb\",\"itemListElement\":[{\"@type\":\"ListItem\",\"position\":1,\"name\":\"Forside\",\"item\":\"https:\\\/\\\/conraddesign.dk\\\/de\\\/\"},{\"@type\":\"ListItem\",\"position\":2,\"name\":\"Shop\",\"item\":\"https:\\\/\\\/conraddesign.dk\\\/de\\\/shop\\\/\"},{\"@type\":\"ListItem\",\"position\":3,\"name\":\"Wolle\",\"item\":\"https:\\\/\\\/conraddesign.dk\\\/de\\\/shoppen\\\/wolle\\\/\"},{\"@type\":\"ListItem\",\"position\":4,\"name\":\"Farbkarte\",\"item\":\"https:\\\/\\\/conraddesign.dk\\\/de\\\/shoppen\\\/wolle\\\/farbkarte-de\\\/\"},{\"@type\":\"ListItem\",\"position\":5,\"name\":\"Alpaca\"}]},{\"@type\":\"WebSite\",\"@id\":\"https:\\\/\\\/conraddesign.dk\\\/de\\\/#website\",\"url\":\"https:\\\/\\\/conraddesign.dk\\\/de\\\/\",\"name\":\"Conraddesign\",\"description\":\"\",\"publisher\":{\"@id\":\"https:\\\/\\\/conraddesign.dk\\\/de\\\/#organization\"},\"potentialAction\":[{\"@type\":\"SearchAction\",\"target\":{\"@type\":\"EntryPoint\",\"urlTemplate\":\"https:\\\/\\\/conraddesign.dk\\\/de\\\/?s={search_term_string}\"},\"query-input\":{\"@type\":\"PropertyValueSpecification\",\"valueRequired\":true,\"valueName\":\"search_term_string\"}}],\"inLanguage\":\"de\"},{\"@type\":\"Organization\",\"@id\":\"https:\\\/\\\/conraddesign.dk\\\/de\\\/#organization\",\"name\":\"Conraddesign\",\"url\":\"https:\\\/\\\/conraddesign.dk\\\/de\\\/\",\"logo\":{\"@type\":\"ImageObject\",\"inLanguage\":\"de\",\"@id\":\"https:\\\/\\\/conraddesign.dk\\\/de\\\/#\\\/schema\\\/logo\\\/image\\\/\",\"url\":\"https:\\\/\\\/conraddesign.dk\\\/wp-content\\\/uploads\\\/website-logo.png\",\"contentUrl\":\"https:\\\/\\\/conraddesign.dk\\\/wp-content\\\/uploads\\\/website-logo.png\",\"width\":351,\"height\":101,\"caption\":\"Conraddesign\"},\"image\":{\"@id\":\"https:\\\/\\\/conraddesign.dk\\\/de\\\/#\\\/schema\\\/logo\\\/image\\\/\"}}]}<\/script>\n<!-- \/ Yoast SEO plugin. -->","yoast_head_json":{"title":"Alpaca - Conraddesign","robots":{"index":"index","follow":"follow","max-snippet":"max-snippet:-1","max-image-preview":"max-image-preview:large","max-video-preview":"max-video-preview:-1"},"canonical":"https:\/\/conraddesign.dk\/de\/shop\/wolle\/farbkarte-de\/alpaca\/","og_locale":"de_DE","og_type":"article","og_title":"Alpaca - Conraddesign","og_description":"Alpaca-Farbkarte","og_url":"https:\/\/conraddesign.dk\/de\/shop\/wolle\/farbkarte-de\/alpaca\/","og_site_name":"Conraddesign","article_modified_time":"2025-09-24T12:18:04+00:00","og_image":[{"width":800,"height":1067,"url":"https:\/\/conraddesign.dk\/wp-content\/uploads\/Farvekort-Alpaca-e1574709485966-1.jpg","type":"image\/jpeg"}],"twitter_card":"summary_large_image","schema":{"@context":"https:\/\/schema.org","@graph":[{"@type":"WebPage","@id":"https:\/\/conraddesign.dk\/de\/shop\/wolle\/farbkarte-de\/alpaca\/","url":"https:\/\/conraddesign.dk\/de\/shop\/wolle\/farbkarte-de\/alpaca\/","name":"Alpaca - Conraddesign","isPartOf":{"@id":"https:\/\/conraddesign.dk\/de\/#website"},"primaryImageOfPage":{"@id":"https:\/\/conraddesign.dk\/de\/shop\/wolle\/farbkarte-de\/alpaca\/#primaryimage"},"image":{"@id":"https:\/\/conraddesign.dk\/de\/shop\/wolle\/farbkarte-de\/alpaca\/#primaryimage"},"thumbnailUrl":"https:\/\/conraddesign.dk\/wp-content\/uploads\/Farvekort-Alpaca-e1574709485966-1.jpg","datePublished":"2019-11-25T06:34:49+00:00","dateModified":"2025-09-24T12:18:04+00:00","breadcrumb":{"@id":"https:\/\/conraddesign.dk\/de\/shop\/wolle\/farbkarte-de\/alpaca\/#breadcrumb"},"inLanguage":"de","potentialAction":[{"@type":"ReadAction","target":["https:\/\/conraddesign.dk\/de\/shop\/wolle\/farbkarte-de\/alpaca\/"]}]},{"@type":"ImageObject","inLanguage":"de","@id":"https:\/\/conraddesign.dk\/de\/shop\/wolle\/farbkarte-de\/alpaca\/#primaryimage","url":"https:\/\/conraddesign.dk\/wp-content\/uploads\/Farvekort-Alpaca-e1574709485966-1.jpg","contentUrl":"https:\/\/conraddesign.dk\/wp-content\/uploads\/Farvekort-Alpaca-e1574709485966-1.jpg","width":800,"height":1067},{"@type":"BreadcrumbList","@id":"https:\/\/conraddesign.dk\/de\/shop\/wolle\/farbkarte-de\/alpaca\/#breadcrumb","itemListElement":[{"@type":"ListItem","position":1,"name":"Forside","item":"https:\/\/conraddesign.dk\/de\/"},{"@type":"ListItem","position":2,"name":"Shop","item":"https:\/\/conraddesign.dk\/de\/shop\/"},{"@type":"ListItem","position":3,"name":"Wolle","item":"https:\/\/conraddesign.dk\/de\/shoppen\/wolle\/"},{"@type":"ListItem","position":4,"name":"Farbkarte","item":"https:\/\/conraddesign.dk\/de\/shoppen\/wolle\/farbkarte-de\/"},{"@type":"ListItem","position":5,"name":"Alpaca"}]},{"@type":"WebSite","@id":"https:\/\/conraddesign.dk\/de\/#website","url":"https:\/\/conraddesign.dk\/de\/","name":"Conraddesign","description":"","publisher":{"@id":"https:\/\/conraddesign.dk\/de\/#organization"},"potentialAction":[{"@type":"SearchAction","target":{"@type":"EntryPoint","urlTemplate":"https:\/\/conraddesign.dk\/de\/?s={search_term_string}"},"query-input":{"@type":"PropertyValueSpecification","valueRequired":true,"valueName":"search_term_string"}}],"inLanguage":"de"},{"@type":"Organization","@id":"https:\/\/conraddesign.dk\/de\/#organization","name":"Conraddesign","url":"https:\/\/conraddesign.dk\/de\/","logo":{"@type":"ImageObject","inLanguage":"de","@id":"https:\/\/conraddesign.dk\/de\/#\/schema\/logo\/image\/","url":"https:\/\/conraddesign.dk\/wp-content\/uploads\/website-logo.png","contentUrl":"https:\/\/conraddesign.dk\/wp-content\/uploads\/website-logo.png","width":351,"height":101,"caption":"Conraddesign"},"image":{"@id":"https:\/\/conraddesign.dk\/de\/#\/schema\/logo\/image\/"}}]}},"_links":{"self":[{"href":"https:\/\/conraddesign.dk\/de\/wp-json\/wp\/v2\/product\/12796","targetHints":{"allow":["GET"]}}],"collection":[{"href":"https:\/\/conraddesign.dk\/de\/wp-json\/wp\/v2\/product"}],"about":[{"href":"https:\/\/conraddesign.dk\/de\/wp-json\/wp\/v2\/types\/product"}],"version-history":[{"count":1,"href":"https:\/\/conraddesign.dk\/de\/wp-json\/wp\/v2\/product\/12796\/revisions"}],"predecessor-version":[{"id":12797,"href":"https:\/\/conraddesign.dk\/de\/wp-json\/wp\/v2\/product\/12796\/revisions\/12797"}],"wp:featuredmedia":[{"embeddable":true,"href":"https:\/\/conraddesign.dk\/de\/wp-json\/wp\/v2\/media\/10857"}],"wp:attachment":[{"href":"https:\/\/conraddesign.dk\/de\/wp-json\/wp\/v2\/media?parent=12796"}],"wp:term":[{"taxonomy":"product_brand","embeddable":true,"href":"https:\/\/conraddesign.dk\/de\/wp-json\/wp\/v2\/product_brand?post=12796"},{"taxonomy":"product_cat","embeddable":true,"href":"https:\/\/conraddesign.dk\/de\/wp-json\/wp\/v2\/product_cat?post=12796"},{"taxonomy":"product_tag","embeddable":true,"href":"https:\/\/conraddesign.dk\/de\/wp-json\/wp\/v2\/product_tag?post=12796"}],"curies":[{"name":"wp","href":"https:\/\/api.w.org\/{rel}","templated":true}]}}