{"id":13816,"date":"2017-12-19T18:41:51","date_gmt":"2017-12-19T17:41:51","guid":{"rendered":"https:\/\/conraddesign.dk\/shop\/unkategorisiert\/ketty-troejen-2\/"},"modified":"2025-10-30T10:31:19","modified_gmt":"2025-10-30T09:31:19","slug":"ketty-troejen-2","status":"publish","type":"product","link":"https:\/\/conraddesign.dk\/de\/shop\/stricksaet\/strickset-fuer-frauen\/ketty-troejen-2\/","title":{"rendered":"Ketty Pullower"},"content":{"rendered":"<p>Gr\u00f6\u00dfe: S &#8211; (M) &#8211; L &#8211; (XL) &#8211; XXL &#8211; (XXXL)<\/p>\n<ul>\n<li>Brustweite: 90 (100) 110 (120) 130 (140) Cm<\/li>\n<li>L\u00e4nge: 54 (60) 66 (72) 72 (72) Cm<\/li>\n<\/ul>\n<p>Material: Coastgarn 55 % Merino Lammwolle \/ 45 % Baumwolle mit Doppelgarn auf Nadeln gestrickt 4\u00bd<\/p>\n<p>13 verschiedene Farben im Pullover<\/p>\n<p>Design: Ketty Conrad<\/p>\n","protected":false},"excerpt":{"rendered":"<p>Gr\u00f6\u00dfe: S &#8211; XXXL<\/p>\n<p>Mit dieser Strickanleitung d\u00fcrfen Sie Ihre Kreativit\u00e4t und Fantasie verwenden in Hinblick auf Mischung der Farben und Art von Strickmuster auf dem Vorderteil. Ketty gibt es in vier Varianten. F\u00fcr das originale Model bringen wir die Farbzusammenstellung. F\u00fcr die anderen drei Varianten darf man nach Wunsch die Farben aussuchen<\/p>\n<p>Strickset enth\u00e4lt Wolle und deutsche Strickanweisungen<\/p>\n<p>Wolle: Coast<\/p>\n<p>Design: Ketty Conrad<\/p>\n","protected":false},"featured_media":9989,"template":"","meta":{"_acf_changed":false},"product_brand":[],"product_cat":[396,400],"product_tag":[],"class_list":{"0":"post-13816","1":"product","2":"type-product","3":"status-publish","4":"has-post-thumbnail","6":"product_cat-stricksaet","7":"product_cat-strickset-fuer-frauen","8":"pa_stoerrelse-s-l","9":"pa_stoerrelse-xl-xxxl","10":"pa_storrelse-xl-xxxl-2","11":"pa_storrelse-s-l","12":"tm-no-options","14":"first","15":"instock","16":"featured","17":"taxable","18":"shipping-taxable","19":"purchasable","20":"product-type-variable","21":"has-default-attributes"},"acf":[],"yoast_head":"<!-- This site is optimized with the Yoast SEO plugin v27.5 - https:\/\/yoast.com\/product\/yoast-seo-wordpress\/ -->\n<title>Ketty Pullower - Conraddesign<\/title>\n<meta name=\"robots\" content=\"index, follow, max-snippet:-1, max-image-preview:large, max-video-preview:-1\" \/>\n<link rel=\"canonical\" href=\"https:\/\/conraddesign.dk\/de\/shop\/stricksaet\/strickset-fuer-frauen\/ketty-troejen-2\/\" \/>\n<meta property=\"og:locale\" content=\"de_DE\" \/>\n<meta property=\"og:type\" content=\"article\" \/>\n<meta property=\"og:title\" content=\"Ketty Pullower - Conraddesign\" \/>\n<meta property=\"og:description\" content=\"Gr\u00f6\u00dfe: S - XXXL Mit dieser Strickanleitung d\u00fcrfen Sie Ihre Kreativit\u00e4t und Fantasie verwenden in Hinblick auf Mischung der Farben und Art von Strickmuster auf dem Vorderteil. Ketty gibt es in vier Varianten. F\u00fcr das originale Model bringen wir die Farbzusammenstellung. F\u00fcr die anderen drei Varianten darf man nach Wunsch die Farben aussuchen Strickset enth\u00e4lt Wolle und deutsche Strickanweisungen Wolle: Coast Design: Ketty Conrad\" \/>\n<meta property=\"og:url\" content=\"https:\/\/conraddesign.dk\/de\/shop\/stricksaet\/strickset-fuer-frauen\/ketty-troejen-2\/\" \/>\n<meta property=\"og:site_name\" content=\"Conraddesign\" \/>\n<meta property=\"article:modified_time\" content=\"2025-10-30T09:31:19+00:00\" \/>\n<meta property=\"og:image\" content=\"https:\/\/conraddesign.dk\/wp-content\/uploads\/10423273_10153905040392230_958794406450785458_n-1.jpg\" \/>\n\t<meta property=\"og:image:width\" content=\"720\" \/>\n\t<meta property=\"og:image:height\" content=\"960\" \/>\n\t<meta property=\"og:image:type\" content=\"image\/jpeg\" \/>\n<meta name=\"twitter:card\" content=\"summary_large_image\" \/>\n<script type=\"application\/ld+json\" class=\"yoast-schema-graph\">{\"@context\":\"https:\\\/\\\/schema.org\",\"@graph\":[{\"@type\":\"WebPage\",\"@id\":\"https:\\\/\\\/conraddesign.dk\\\/de\\\/shop\\\/stricksaet\\\/strickset-fuer-frauen\\\/ketty-troejen-2\\\/\",\"url\":\"https:\\\/\\\/conraddesign.dk\\\/de\\\/shop\\\/stricksaet\\\/strickset-fuer-frauen\\\/ketty-troejen-2\\\/\",\"name\":\"Ketty Pullower - Conraddesign\",\"isPartOf\":{\"@id\":\"https:\\\/\\\/conraddesign.dk\\\/de\\\/#website\"},\"primaryImageOfPage\":{\"@id\":\"https:\\\/\\\/conraddesign.dk\\\/de\\\/shop\\\/stricksaet\\\/strickset-fuer-frauen\\\/ketty-troejen-2\\\/#primaryimage\"},\"image\":{\"@id\":\"https:\\\/\\\/conraddesign.dk\\\/de\\\/shop\\\/stricksaet\\\/strickset-fuer-frauen\\\/ketty-troejen-2\\\/#primaryimage\"},\"thumbnailUrl\":\"https:\\\/\\\/conraddesign.dk\\\/wp-content\\\/uploads\\\/10423273_10153905040392230_958794406450785458_n-1.jpg\",\"datePublished\":\"2017-12-19T17:41:51+00:00\",\"dateModified\":\"2025-10-30T09:31:19+00:00\",\"breadcrumb\":{\"@id\":\"https:\\\/\\\/conraddesign.dk\\\/de\\\/shop\\\/stricksaet\\\/strickset-fuer-frauen\\\/ketty-troejen-2\\\/#breadcrumb\"},\"inLanguage\":\"de\",\"potentialAction\":[{\"@type\":\"ReadAction\",\"target\":[\"https:\\\/\\\/conraddesign.dk\\\/de\\\/shop\\\/stricksaet\\\/strickset-fuer-frauen\\\/ketty-troejen-2\\\/\"]}]},{\"@type\":\"ImageObject\",\"inLanguage\":\"de\",\"@id\":\"https:\\\/\\\/conraddesign.dk\\\/de\\\/shop\\\/stricksaet\\\/strickset-fuer-frauen\\\/ketty-troejen-2\\\/#primaryimage\",\"url\":\"https:\\\/\\\/conraddesign.dk\\\/wp-content\\\/uploads\\\/10423273_10153905040392230_958794406450785458_n-1.jpg\",\"contentUrl\":\"https:\\\/\\\/conraddesign.dk\\\/wp-content\\\/uploads\\\/10423273_10153905040392230_958794406450785458_n-1.jpg\",\"width\":720,\"height\":960},{\"@type\":\"BreadcrumbList\",\"@id\":\"https:\\\/\\\/conraddesign.dk\\\/de\\\/shop\\\/stricksaet\\\/strickset-fuer-frauen\\\/ketty-troejen-2\\\/#breadcrumb\",\"itemListElement\":[{\"@type\":\"ListItem\",\"position\":1,\"name\":\"Forside\",\"item\":\"https:\\\/\\\/conraddesign.dk\\\/de\\\/\"},{\"@type\":\"ListItem\",\"position\":2,\"name\":\"Shop\",\"item\":\"https:\\\/\\\/conraddesign.dk\\\/de\\\/shop\\\/\"},{\"@type\":\"ListItem\",\"position\":3,\"name\":\"Strickset\",\"item\":\"https:\\\/\\\/conraddesign.dk\\\/de\\\/shoppen\\\/stricksaet\\\/\"},{\"@type\":\"ListItem\",\"position\":4,\"name\":\"Strickset f\u00fcr Frauen\",\"item\":\"https:\\\/\\\/conraddesign.dk\\\/de\\\/shoppen\\\/stricksaet\\\/strickset-fuer-frauen\\\/\"},{\"@type\":\"ListItem\",\"position\":5,\"name\":\"Ketty Pullower\"}]},{\"@type\":\"WebSite\",\"@id\":\"https:\\\/\\\/conraddesign.dk\\\/de\\\/#website\",\"url\":\"https:\\\/\\\/conraddesign.dk\\\/de\\\/\",\"name\":\"Conraddesign\",\"description\":\"\",\"publisher\":{\"@id\":\"https:\\\/\\\/conraddesign.dk\\\/de\\\/#organization\"},\"potentialAction\":[{\"@type\":\"SearchAction\",\"target\":{\"@type\":\"EntryPoint\",\"urlTemplate\":\"https:\\\/\\\/conraddesign.dk\\\/de\\\/?s={search_term_string}\"},\"query-input\":{\"@type\":\"PropertyValueSpecification\",\"valueRequired\":true,\"valueName\":\"search_term_string\"}}],\"inLanguage\":\"de\"},{\"@type\":\"Organization\",\"@id\":\"https:\\\/\\\/conraddesign.dk\\\/de\\\/#organization\",\"name\":\"Conraddesign\",\"url\":\"https:\\\/\\\/conraddesign.dk\\\/de\\\/\",\"logo\":{\"@type\":\"ImageObject\",\"inLanguage\":\"de\",\"@id\":\"https:\\\/\\\/conraddesign.dk\\\/de\\\/#\\\/schema\\\/logo\\\/image\\\/\",\"url\":\"https:\\\/\\\/conraddesign.dk\\\/wp-content\\\/uploads\\\/website-logo.png\",\"contentUrl\":\"https:\\\/\\\/conraddesign.dk\\\/wp-content\\\/uploads\\\/website-logo.png\",\"width\":351,\"height\":101,\"caption\":\"Conraddesign\"},\"image\":{\"@id\":\"https:\\\/\\\/conraddesign.dk\\\/de\\\/#\\\/schema\\\/logo\\\/image\\\/\"}}]}<\/script>\n<!-- \/ Yoast SEO plugin. -->","yoast_head_json":{"title":"Ketty Pullower - Conraddesign","robots":{"index":"index","follow":"follow","max-snippet":"max-snippet:-1","max-image-preview":"max-image-preview:large","max-video-preview":"max-video-preview:-1"},"canonical":"https:\/\/conraddesign.dk\/de\/shop\/stricksaet\/strickset-fuer-frauen\/ketty-troejen-2\/","og_locale":"de_DE","og_type":"article","og_title":"Ketty Pullower - Conraddesign","og_description":"Gr\u00f6\u00dfe: S - XXXL Mit dieser Strickanleitung d\u00fcrfen Sie Ihre Kreativit\u00e4t und Fantasie verwenden in Hinblick auf Mischung der Farben und Art von Strickmuster auf dem Vorderteil. Ketty gibt es in vier Varianten. F\u00fcr das originale Model bringen wir die Farbzusammenstellung. F\u00fcr die anderen drei Varianten darf man nach Wunsch die Farben aussuchen Strickset enth\u00e4lt Wolle und deutsche Strickanweisungen Wolle: Coast Design: Ketty Conrad","og_url":"https:\/\/conraddesign.dk\/de\/shop\/stricksaet\/strickset-fuer-frauen\/ketty-troejen-2\/","og_site_name":"Conraddesign","article_modified_time":"2025-10-30T09:31:19+00:00","og_image":[{"width":720,"height":960,"url":"https:\/\/conraddesign.dk\/wp-content\/uploads\/10423273_10153905040392230_958794406450785458_n-1.jpg","type":"image\/jpeg"}],"twitter_card":"summary_large_image","schema":{"@context":"https:\/\/schema.org","@graph":[{"@type":"WebPage","@id":"https:\/\/conraddesign.dk\/de\/shop\/stricksaet\/strickset-fuer-frauen\/ketty-troejen-2\/","url":"https:\/\/conraddesign.dk\/de\/shop\/stricksaet\/strickset-fuer-frauen\/ketty-troejen-2\/","name":"Ketty Pullower - Conraddesign","isPartOf":{"@id":"https:\/\/conraddesign.dk\/de\/#website"},"primaryImageOfPage":{"@id":"https:\/\/conraddesign.dk\/de\/shop\/stricksaet\/strickset-fuer-frauen\/ketty-troejen-2\/#primaryimage"},"image":{"@id":"https:\/\/conraddesign.dk\/de\/shop\/stricksaet\/strickset-fuer-frauen\/ketty-troejen-2\/#primaryimage"},"thumbnailUrl":"https:\/\/conraddesign.dk\/wp-content\/uploads\/10423273_10153905040392230_958794406450785458_n-1.jpg","datePublished":"2017-12-19T17:41:51+00:00","dateModified":"2025-10-30T09:31:19+00:00","breadcrumb":{"@id":"https:\/\/conraddesign.dk\/de\/shop\/stricksaet\/strickset-fuer-frauen\/ketty-troejen-2\/#breadcrumb"},"inLanguage":"de","potentialAction":[{"@type":"ReadAction","target":["https:\/\/conraddesign.dk\/de\/shop\/stricksaet\/strickset-fuer-frauen\/ketty-troejen-2\/"]}]},{"@type":"ImageObject","inLanguage":"de","@id":"https:\/\/conraddesign.dk\/de\/shop\/stricksaet\/strickset-fuer-frauen\/ketty-troejen-2\/#primaryimage","url":"https:\/\/conraddesign.dk\/wp-content\/uploads\/10423273_10153905040392230_958794406450785458_n-1.jpg","contentUrl":"https:\/\/conraddesign.dk\/wp-content\/uploads\/10423273_10153905040392230_958794406450785458_n-1.jpg","width":720,"height":960},{"@type":"BreadcrumbList","@id":"https:\/\/conraddesign.dk\/de\/shop\/stricksaet\/strickset-fuer-frauen\/ketty-troejen-2\/#breadcrumb","itemListElement":[{"@type":"ListItem","position":1,"name":"Forside","item":"https:\/\/conraddesign.dk\/de\/"},{"@type":"ListItem","position":2,"name":"Shop","item":"https:\/\/conraddesign.dk\/de\/shop\/"},{"@type":"ListItem","position":3,"name":"Strickset","item":"https:\/\/conraddesign.dk\/de\/shoppen\/stricksaet\/"},{"@type":"ListItem","position":4,"name":"Strickset f\u00fcr Frauen","item":"https:\/\/conraddesign.dk\/de\/shoppen\/stricksaet\/strickset-fuer-frauen\/"},{"@type":"ListItem","position":5,"name":"Ketty Pullower"}]},{"@type":"WebSite","@id":"https:\/\/conraddesign.dk\/de\/#website","url":"https:\/\/conraddesign.dk\/de\/","name":"Conraddesign","description":"","publisher":{"@id":"https:\/\/conraddesign.dk\/de\/#organization"},"potentialAction":[{"@type":"SearchAction","target":{"@type":"EntryPoint","urlTemplate":"https:\/\/conraddesign.dk\/de\/?s={search_term_string}"},"query-input":{"@type":"PropertyValueSpecification","valueRequired":true,"valueName":"search_term_string"}}],"inLanguage":"de"},{"@type":"Organization","@id":"https:\/\/conraddesign.dk\/de\/#organization","name":"Conraddesign","url":"https:\/\/conraddesign.dk\/de\/","logo":{"@type":"ImageObject","inLanguage":"de","@id":"https:\/\/conraddesign.dk\/de\/#\/schema\/logo\/image\/","url":"https:\/\/conraddesign.dk\/wp-content\/uploads\/website-logo.png","contentUrl":"https:\/\/conraddesign.dk\/wp-content\/uploads\/website-logo.png","width":351,"height":101,"caption":"Conraddesign"},"image":{"@id":"https:\/\/conraddesign.dk\/de\/#\/schema\/logo\/image\/"}}]}},"_links":{"self":[{"href":"https:\/\/conraddesign.dk\/de\/wp-json\/wp\/v2\/product\/13816","targetHints":{"allow":["GET"]}}],"collection":[{"href":"https:\/\/conraddesign.dk\/de\/wp-json\/wp\/v2\/product"}],"about":[{"href":"https:\/\/conraddesign.dk\/de\/wp-json\/wp\/v2\/types\/product"}],"version-history":[{"count":1,"href":"https:\/\/conraddesign.dk\/de\/wp-json\/wp\/v2\/product\/13816\/revisions"}],"predecessor-version":[{"id":13817,"href":"https:\/\/conraddesign.dk\/de\/wp-json\/wp\/v2\/product\/13816\/revisions\/13817"}],"wp:featuredmedia":[{"embeddable":true,"href":"https:\/\/conraddesign.dk\/de\/wp-json\/wp\/v2\/media\/9989"}],"wp:attachment":[{"href":"https:\/\/conraddesign.dk\/de\/wp-json\/wp\/v2\/media?parent=13816"}],"wp:term":[{"taxonomy":"product_brand","embeddable":true,"href":"https:\/\/conraddesign.dk\/de\/wp-json\/wp\/v2\/product_brand?post=13816"},{"taxonomy":"product_cat","embeddable":true,"href":"https:\/\/conraddesign.dk\/de\/wp-json\/wp\/v2\/product_cat?post=13816"},{"taxonomy":"product_tag","embeddable":true,"href":"https:\/\/conraddesign.dk\/de\/wp-json\/wp\/v2\/product_tag?post=13816"}],"curies":[{"name":"wp","href":"https:\/\/api.w.org\/{rel}","templated":true}]}}