{"id":13946,"date":"2017-12-20T21:16:39","date_gmt":"2017-12-20T20:16:39","guid":{"rendered":"https:\/\/conraddesign.dk\/shop\/unkategorisiert\/perle-2\/"},"modified":"2025-09-24T14:18:27","modified_gmt":"2025-09-24T12:18:27","slug":"perle-2","status":"publish","type":"product","link":"https:\/\/conraddesign.dk\/de\/shop\/stricksaet\/strickset-fuer-frauen\/perle-2\/","title":{"rendered":"Perle"},"content":{"rendered":"<p>Gr\u00f6\u00dfe: S &#8211; (M) &#8211; L &#8211; (XL) &#8211; XXL<\/p>\n<ul>\n<li>Brustweide: 94 &#8211; (102) &#8211; 110 &#8211; (118) &#8211; 126 Cm<\/li>\n<li>Weite unten: 108 &#8211; (116-) &#8211; 124 &#8211; (132) &#8211; 140 Cm<\/li>\n<li>L\u00e4nge: 62 &#8211; (62) &#8211; 63 &#8211; (64) &#8211; 65 Cm<\/li>\n<\/ul>\n<p>Material: Coast 55 % Merino Lammwolle \/ 45 % Baumwolle, gestrickt mit Doppelgarn N 4\u00bd<\/p>\n<p>Design: Ketty Conrad<\/p>\n","protected":false},"excerpt":{"rendered":"<p>Gr\u00f6\u00dfe: S &#8211; XXL<\/p>\n<p>Gestreifte Hemd mit Perlmuster<\/p>\n<p>und mit leicht ausgestellter Form<\/p>\n<p>Wolle: Coast<\/p>\n<p>Strickset enth\u00e4lt Wolle und Strickanleitung<\/p>\n<p>Design: Ketty Conrad<\/p>\n","protected":false},"featured_media":13951,"template":"","meta":{"_acf_changed":false},"product_brand":[],"product_cat":[400,396],"product_tag":[],"class_list":{"0":"post-13946","1":"product","2":"type-product","3":"status-publish","4":"has-post-thumbnail","6":"product_cat-strickset-fuer-frauen","7":"product_cat-stricksaet","8":"pa_farve-blau","9":"pa_farve-roed","10":"tm-no-options","12":"first","13":"instock","14":"taxable","15":"shipping-taxable","16":"purchasable","17":"product-type-variable"},"acf":[],"yoast_head":"<!-- This site is optimized with the Yoast SEO plugin v27.5 - https:\/\/yoast.com\/product\/yoast-seo-wordpress\/ -->\n<title>Perle - Conraddesign<\/title>\n<meta name=\"robots\" content=\"index, follow, max-snippet:-1, max-image-preview:large, max-video-preview:-1\" \/>\n<link rel=\"canonical\" href=\"https:\/\/conraddesign.dk\/de\/shop\/stricksaet\/strickset-fuer-frauen\/perle-2\/\" \/>\n<meta property=\"og:locale\" content=\"de_DE\" \/>\n<meta property=\"og:type\" content=\"article\" \/>\n<meta property=\"og:title\" content=\"Perle - Conraddesign\" \/>\n<meta property=\"og:description\" content=\"Gr\u00f6\u00dfe: S - XXL Gestreifte Hemd mit Perlmuster und mit leicht ausgestellter Form Wolle: Coast Strickset enth\u00e4lt Wolle und Strickanleitung Design: Ketty Conrad\" \/>\n<meta property=\"og:url\" content=\"https:\/\/conraddesign.dk\/de\/shop\/stricksaet\/strickset-fuer-frauen\/perle-2\/\" \/>\n<meta property=\"og:site_name\" content=\"Conraddesign\" \/>\n<meta property=\"article:modified_time\" content=\"2025-09-24T12:18:27+00:00\" \/>\n<meta property=\"og:image\" content=\"https:\/\/conraddesign.dk\/wp-content\/uploads\/perle-999x1000-2-e1513590127359-1.jpg\" \/>\n\t<meta property=\"og:image:width\" content=\"749\" \/>\n\t<meta property=\"og:image:height\" content=\"1000\" \/>\n\t<meta property=\"og:image:type\" content=\"image\/jpeg\" \/>\n<meta name=\"twitter:card\" content=\"summary_large_image\" \/>\n<script type=\"application\/ld+json\" class=\"yoast-schema-graph\">{\"@context\":\"https:\\\/\\\/schema.org\",\"@graph\":[{\"@type\":\"WebPage\",\"@id\":\"https:\\\/\\\/conraddesign.dk\\\/de\\\/shop\\\/stricksaet\\\/strickset-fuer-frauen\\\/perle-2\\\/\",\"url\":\"https:\\\/\\\/conraddesign.dk\\\/de\\\/shop\\\/stricksaet\\\/strickset-fuer-frauen\\\/perle-2\\\/\",\"name\":\"Perle - Conraddesign\",\"isPartOf\":{\"@id\":\"https:\\\/\\\/conraddesign.dk\\\/de\\\/#website\"},\"primaryImageOfPage\":{\"@id\":\"https:\\\/\\\/conraddesign.dk\\\/de\\\/shop\\\/stricksaet\\\/strickset-fuer-frauen\\\/perle-2\\\/#primaryimage\"},\"image\":{\"@id\":\"https:\\\/\\\/conraddesign.dk\\\/de\\\/shop\\\/stricksaet\\\/strickset-fuer-frauen\\\/perle-2\\\/#primaryimage\"},\"thumbnailUrl\":\"https:\\\/\\\/conraddesign.dk\\\/wp-content\\\/uploads\\\/perle-blaa-2.jpg\",\"datePublished\":\"2017-12-20T20:16:39+00:00\",\"dateModified\":\"2025-09-24T12:18:27+00:00\",\"breadcrumb\":{\"@id\":\"https:\\\/\\\/conraddesign.dk\\\/de\\\/shop\\\/stricksaet\\\/strickset-fuer-frauen\\\/perle-2\\\/#breadcrumb\"},\"inLanguage\":\"de\",\"potentialAction\":[{\"@type\":\"ReadAction\",\"target\":[\"https:\\\/\\\/conraddesign.dk\\\/de\\\/shop\\\/stricksaet\\\/strickset-fuer-frauen\\\/perle-2\\\/\"]}]},{\"@type\":\"ImageObject\",\"inLanguage\":\"de\",\"@id\":\"https:\\\/\\\/conraddesign.dk\\\/de\\\/shop\\\/stricksaet\\\/strickset-fuer-frauen\\\/perle-2\\\/#primaryimage\",\"url\":\"https:\\\/\\\/conraddesign.dk\\\/wp-content\\\/uploads\\\/perle-blaa-2.jpg\",\"contentUrl\":\"https:\\\/\\\/conraddesign.dk\\\/wp-content\\\/uploads\\\/perle-blaa-2.jpg\",\"width\":533,\"height\":711},{\"@type\":\"BreadcrumbList\",\"@id\":\"https:\\\/\\\/conraddesign.dk\\\/de\\\/shop\\\/stricksaet\\\/strickset-fuer-frauen\\\/perle-2\\\/#breadcrumb\",\"itemListElement\":[{\"@type\":\"ListItem\",\"position\":1,\"name\":\"Forside\",\"item\":\"https:\\\/\\\/conraddesign.dk\\\/de\\\/\"},{\"@type\":\"ListItem\",\"position\":2,\"name\":\"Shop\",\"item\":\"https:\\\/\\\/conraddesign.dk\\\/de\\\/shop\\\/\"},{\"@type\":\"ListItem\",\"position\":3,\"name\":\"Strickset\",\"item\":\"https:\\\/\\\/conraddesign.dk\\\/de\\\/shoppen\\\/stricksaet\\\/\"},{\"@type\":\"ListItem\",\"position\":4,\"name\":\"Strickset f\u00fcr Frauen\",\"item\":\"https:\\\/\\\/conraddesign.dk\\\/de\\\/shoppen\\\/stricksaet\\\/strickset-fuer-frauen\\\/\"},{\"@type\":\"ListItem\",\"position\":5,\"name\":\"Perle\"}]},{\"@type\":\"WebSite\",\"@id\":\"https:\\\/\\\/conraddesign.dk\\\/de\\\/#website\",\"url\":\"https:\\\/\\\/conraddesign.dk\\\/de\\\/\",\"name\":\"Conraddesign\",\"description\":\"\",\"publisher\":{\"@id\":\"https:\\\/\\\/conraddesign.dk\\\/de\\\/#organization\"},\"potentialAction\":[{\"@type\":\"SearchAction\",\"target\":{\"@type\":\"EntryPoint\",\"urlTemplate\":\"https:\\\/\\\/conraddesign.dk\\\/de\\\/?s={search_term_string}\"},\"query-input\":{\"@type\":\"PropertyValueSpecification\",\"valueRequired\":true,\"valueName\":\"search_term_string\"}}],\"inLanguage\":\"de\"},{\"@type\":\"Organization\",\"@id\":\"https:\\\/\\\/conraddesign.dk\\\/de\\\/#organization\",\"name\":\"Conraddesign\",\"url\":\"https:\\\/\\\/conraddesign.dk\\\/de\\\/\",\"logo\":{\"@type\":\"ImageObject\",\"inLanguage\":\"de\",\"@id\":\"https:\\\/\\\/conraddesign.dk\\\/de\\\/#\\\/schema\\\/logo\\\/image\\\/\",\"url\":\"https:\\\/\\\/conraddesign.dk\\\/wp-content\\\/uploads\\\/website-logo.png\",\"contentUrl\":\"https:\\\/\\\/conraddesign.dk\\\/wp-content\\\/uploads\\\/website-logo.png\",\"width\":351,\"height\":101,\"caption\":\"Conraddesign\"},\"image\":{\"@id\":\"https:\\\/\\\/conraddesign.dk\\\/de\\\/#\\\/schema\\\/logo\\\/image\\\/\"}}]}<\/script>\n<!-- \/ Yoast SEO plugin. -->","yoast_head_json":{"title":"Perle - Conraddesign","robots":{"index":"index","follow":"follow","max-snippet":"max-snippet:-1","max-image-preview":"max-image-preview:large","max-video-preview":"max-video-preview:-1"},"canonical":"https:\/\/conraddesign.dk\/de\/shop\/stricksaet\/strickset-fuer-frauen\/perle-2\/","og_locale":"de_DE","og_type":"article","og_title":"Perle - Conraddesign","og_description":"Gr\u00f6\u00dfe: S - XXL Gestreifte Hemd mit Perlmuster und mit leicht ausgestellter Form Wolle: Coast Strickset enth\u00e4lt Wolle und Strickanleitung Design: Ketty Conrad","og_url":"https:\/\/conraddesign.dk\/de\/shop\/stricksaet\/strickset-fuer-frauen\/perle-2\/","og_site_name":"Conraddesign","article_modified_time":"2025-09-24T12:18:27+00:00","og_image":[{"width":749,"height":1000,"url":"https:\/\/conraddesign.dk\/wp-content\/uploads\/perle-999x1000-2-e1513590127359-1.jpg","type":"image\/jpeg"}],"twitter_card":"summary_large_image","schema":{"@context":"https:\/\/schema.org","@graph":[{"@type":"WebPage","@id":"https:\/\/conraddesign.dk\/de\/shop\/stricksaet\/strickset-fuer-frauen\/perle-2\/","url":"https:\/\/conraddesign.dk\/de\/shop\/stricksaet\/strickset-fuer-frauen\/perle-2\/","name":"Perle - Conraddesign","isPartOf":{"@id":"https:\/\/conraddesign.dk\/de\/#website"},"primaryImageOfPage":{"@id":"https:\/\/conraddesign.dk\/de\/shop\/stricksaet\/strickset-fuer-frauen\/perle-2\/#primaryimage"},"image":{"@id":"https:\/\/conraddesign.dk\/de\/shop\/stricksaet\/strickset-fuer-frauen\/perle-2\/#primaryimage"},"thumbnailUrl":"https:\/\/conraddesign.dk\/wp-content\/uploads\/perle-blaa-2.jpg","datePublished":"2017-12-20T20:16:39+00:00","dateModified":"2025-09-24T12:18:27+00:00","breadcrumb":{"@id":"https:\/\/conraddesign.dk\/de\/shop\/stricksaet\/strickset-fuer-frauen\/perle-2\/#breadcrumb"},"inLanguage":"de","potentialAction":[{"@type":"ReadAction","target":["https:\/\/conraddesign.dk\/de\/shop\/stricksaet\/strickset-fuer-frauen\/perle-2\/"]}]},{"@type":"ImageObject","inLanguage":"de","@id":"https:\/\/conraddesign.dk\/de\/shop\/stricksaet\/strickset-fuer-frauen\/perle-2\/#primaryimage","url":"https:\/\/conraddesign.dk\/wp-content\/uploads\/perle-blaa-2.jpg","contentUrl":"https:\/\/conraddesign.dk\/wp-content\/uploads\/perle-blaa-2.jpg","width":533,"height":711},{"@type":"BreadcrumbList","@id":"https:\/\/conraddesign.dk\/de\/shop\/stricksaet\/strickset-fuer-frauen\/perle-2\/#breadcrumb","itemListElement":[{"@type":"ListItem","position":1,"name":"Forside","item":"https:\/\/conraddesign.dk\/de\/"},{"@type":"ListItem","position":2,"name":"Shop","item":"https:\/\/conraddesign.dk\/de\/shop\/"},{"@type":"ListItem","position":3,"name":"Strickset","item":"https:\/\/conraddesign.dk\/de\/shoppen\/stricksaet\/"},{"@type":"ListItem","position":4,"name":"Strickset f\u00fcr Frauen","item":"https:\/\/conraddesign.dk\/de\/shoppen\/stricksaet\/strickset-fuer-frauen\/"},{"@type":"ListItem","position":5,"name":"Perle"}]},{"@type":"WebSite","@id":"https:\/\/conraddesign.dk\/de\/#website","url":"https:\/\/conraddesign.dk\/de\/","name":"Conraddesign","description":"","publisher":{"@id":"https:\/\/conraddesign.dk\/de\/#organization"},"potentialAction":[{"@type":"SearchAction","target":{"@type":"EntryPoint","urlTemplate":"https:\/\/conraddesign.dk\/de\/?s={search_term_string}"},"query-input":{"@type":"PropertyValueSpecification","valueRequired":true,"valueName":"search_term_string"}}],"inLanguage":"de"},{"@type":"Organization","@id":"https:\/\/conraddesign.dk\/de\/#organization","name":"Conraddesign","url":"https:\/\/conraddesign.dk\/de\/","logo":{"@type":"ImageObject","inLanguage":"de","@id":"https:\/\/conraddesign.dk\/de\/#\/schema\/logo\/image\/","url":"https:\/\/conraddesign.dk\/wp-content\/uploads\/website-logo.png","contentUrl":"https:\/\/conraddesign.dk\/wp-content\/uploads\/website-logo.png","width":351,"height":101,"caption":"Conraddesign"},"image":{"@id":"https:\/\/conraddesign.dk\/de\/#\/schema\/logo\/image\/"}}]}},"_links":{"self":[{"href":"https:\/\/conraddesign.dk\/de\/wp-json\/wp\/v2\/product\/13946","targetHints":{"allow":["GET"]}}],"collection":[{"href":"https:\/\/conraddesign.dk\/de\/wp-json\/wp\/v2\/product"}],"about":[{"href":"https:\/\/conraddesign.dk\/de\/wp-json\/wp\/v2\/types\/product"}],"version-history":[{"count":1,"href":"https:\/\/conraddesign.dk\/de\/wp-json\/wp\/v2\/product\/13946\/revisions"}],"predecessor-version":[{"id":13947,"href":"https:\/\/conraddesign.dk\/de\/wp-json\/wp\/v2\/product\/13946\/revisions\/13947"}],"wp:featuredmedia":[{"embeddable":true,"href":"https:\/\/conraddesign.dk\/de\/wp-json\/wp\/v2\/media\/13951"}],"wp:attachment":[{"href":"https:\/\/conraddesign.dk\/de\/wp-json\/wp\/v2\/media?parent=13946"}],"wp:term":[{"taxonomy":"product_brand","embeddable":true,"href":"https:\/\/conraddesign.dk\/de\/wp-json\/wp\/v2\/product_brand?post=13946"},{"taxonomy":"product_cat","embeddable":true,"href":"https:\/\/conraddesign.dk\/de\/wp-json\/wp\/v2\/product_cat?post=13946"},{"taxonomy":"product_tag","embeddable":true,"href":"https:\/\/conraddesign.dk\/de\/wp-json\/wp\/v2\/product_tag?post=13946"}],"curies":[{"name":"wp","href":"https:\/\/api.w.org\/{rel}","templated":true}]}}