{"id":13997,"date":"2019-02-07T14:25:14","date_gmt":"2019-02-07T13:25:14","guid":{"rendered":"https:\/\/conraddesign.dk\/shop\/unkategorisiert\/pauline\/"},"modified":"2025-10-30T10:41:45","modified_gmt":"2025-10-30T09:41:45","slug":"pauline","status":"publish","type":"product","link":"https:\/\/conraddesign.dk\/de\/shop\/stricksaet\/strickset-fuer-frauen\/pauline\/","title":{"rendered":"Pauline"},"content":{"rendered":"<p>Gr\u00f6\u00dfe: XS &#8211; (S) &#8211; M &#8211; (L) &#8211; XL &#8211; (XXL)<\/p>\n<ul>\n<li>Brustweite ungef\u00e4hr: ca. 94 &#8211; (100) \u2013 106 \u2013 (112) \u2013 118 &#8211; (124) Cm.<\/li>\n<li>L\u00e4nge: Ca. 62,5 Cm Alle Gr\u00f6\u00dfen<\/li>\n<li>\u00c4rmell\u00e4nge: Kurze 3\/4 ca. 29 Cm.<\/li>\n<\/ul>\n<p>Material: Coast 55% Merino Lammwolle und 45% Baumwolle.<\/p>\n<p>Gestrickt auf Rundstricknadel 3.5<\/p>\n<p>10 Farben im Pulli<\/p>\n<p>Design: Ketty Conrad<\/p>\n","protected":false},"excerpt":{"rendered":"<p>Gr\u00f6\u00dfe: XS &#8211; XXL.<\/p>\n<p>Bunter Pulli im Einzelfaden Coast Wolle<\/p>\n<p>Strickset enth\u00e4lt Wolle und deutsche Strickanweisungen<\/p>\n<div>Design: Ketty Conrad.<\/div>\n","protected":false},"featured_media":10599,"template":"","meta":{"_acf_changed":false},"product_brand":[],"product_cat":[396,400],"product_tag":[],"class_list":{"0":"post-13997","1":"product","2":"type-product","3":"status-publish","4":"has-post-thumbnail","6":"product_cat-stricksaet","7":"product_cat-strickset-fuer-frauen","8":"pa_stoerrelse-l-xxl","9":"pa_stoerrelse-xs-l","10":"pa_storrelse-l-xxl","11":"pa_storrelse-xs-l","12":"tm-no-options","14":"first","15":"instock","16":"taxable","17":"shipping-taxable","18":"purchasable","19":"product-type-variable"},"acf":[],"yoast_head":"<!-- This site is optimized with the Yoast SEO plugin v27.5 - https:\/\/yoast.com\/product\/yoast-seo-wordpress\/ -->\n<title>Pauline - Conraddesign<\/title>\n<meta name=\"robots\" content=\"index, follow, max-snippet:-1, max-image-preview:large, max-video-preview:-1\" \/>\n<link rel=\"canonical\" href=\"https:\/\/conraddesign.dk\/de\/shop\/stricksaet\/strickset-fuer-frauen\/pauline\/\" \/>\n<meta property=\"og:locale\" content=\"de_DE\" \/>\n<meta property=\"og:type\" content=\"article\" \/>\n<meta property=\"og:title\" content=\"Pauline - Conraddesign\" \/>\n<meta property=\"og:description\" content=\"Gr\u00f6\u00dfe: XS - XXL. Bunter Pulli im Einzelfaden Coast Wolle Strickset enth\u00e4lt Wolle und deutsche Strickanweisungen Design: Ketty Conrad.\" \/>\n<meta property=\"og:url\" content=\"https:\/\/conraddesign.dk\/de\/shop\/stricksaet\/strickset-fuer-frauen\/pauline\/\" \/>\n<meta property=\"og:site_name\" content=\"Conraddesign\" \/>\n<meta property=\"article:modified_time\" content=\"2025-10-30T09:41:45+00:00\" \/>\n<meta property=\"og:image\" content=\"https:\/\/conraddesign.dk\/wp-content\/uploads\/Pauline-3-e1549549369381-1.jpg\" \/>\n\t<meta property=\"og:image:width\" content=\"800\" \/>\n\t<meta property=\"og:image:height\" content=\"1067\" \/>\n\t<meta property=\"og:image:type\" content=\"image\/jpeg\" \/>\n<meta name=\"twitter:card\" content=\"summary_large_image\" \/>\n<script type=\"application\/ld+json\" class=\"yoast-schema-graph\">{\"@context\":\"https:\\\/\\\/schema.org\",\"@graph\":[{\"@type\":\"WebPage\",\"@id\":\"https:\\\/\\\/conraddesign.dk\\\/de\\\/shop\\\/stricksaet\\\/strickset-fuer-frauen\\\/pauline\\\/\",\"url\":\"https:\\\/\\\/conraddesign.dk\\\/de\\\/shop\\\/stricksaet\\\/strickset-fuer-frauen\\\/pauline\\\/\",\"name\":\"Pauline - Conraddesign\",\"isPartOf\":{\"@id\":\"https:\\\/\\\/conraddesign.dk\\\/de\\\/#website\"},\"primaryImageOfPage\":{\"@id\":\"https:\\\/\\\/conraddesign.dk\\\/de\\\/shop\\\/stricksaet\\\/strickset-fuer-frauen\\\/pauline\\\/#primaryimage\"},\"image\":{\"@id\":\"https:\\\/\\\/conraddesign.dk\\\/de\\\/shop\\\/stricksaet\\\/strickset-fuer-frauen\\\/pauline\\\/#primaryimage\"},\"thumbnailUrl\":\"https:\\\/\\\/conraddesign.dk\\\/wp-content\\\/uploads\\\/Pauline-3-e1549549369381-1.jpg\",\"datePublished\":\"2019-02-07T13:25:14+00:00\",\"dateModified\":\"2025-10-30T09:41:45+00:00\",\"breadcrumb\":{\"@id\":\"https:\\\/\\\/conraddesign.dk\\\/de\\\/shop\\\/stricksaet\\\/strickset-fuer-frauen\\\/pauline\\\/#breadcrumb\"},\"inLanguage\":\"de\",\"potentialAction\":[{\"@type\":\"ReadAction\",\"target\":[\"https:\\\/\\\/conraddesign.dk\\\/de\\\/shop\\\/stricksaet\\\/strickset-fuer-frauen\\\/pauline\\\/\"]}]},{\"@type\":\"ImageObject\",\"inLanguage\":\"de\",\"@id\":\"https:\\\/\\\/conraddesign.dk\\\/de\\\/shop\\\/stricksaet\\\/strickset-fuer-frauen\\\/pauline\\\/#primaryimage\",\"url\":\"https:\\\/\\\/conraddesign.dk\\\/wp-content\\\/uploads\\\/Pauline-3-e1549549369381-1.jpg\",\"contentUrl\":\"https:\\\/\\\/conraddesign.dk\\\/wp-content\\\/uploads\\\/Pauline-3-e1549549369381-1.jpg\",\"width\":800,\"height\":1067,\"caption\":\"cof\"},{\"@type\":\"BreadcrumbList\",\"@id\":\"https:\\\/\\\/conraddesign.dk\\\/de\\\/shop\\\/stricksaet\\\/strickset-fuer-frauen\\\/pauline\\\/#breadcrumb\",\"itemListElement\":[{\"@type\":\"ListItem\",\"position\":1,\"name\":\"Forside\",\"item\":\"https:\\\/\\\/conraddesign.dk\\\/de\\\/\"},{\"@type\":\"ListItem\",\"position\":2,\"name\":\"Shop\",\"item\":\"https:\\\/\\\/conraddesign.dk\\\/de\\\/shop\\\/\"},{\"@type\":\"ListItem\",\"position\":3,\"name\":\"Strickset\",\"item\":\"https:\\\/\\\/conraddesign.dk\\\/de\\\/shoppen\\\/stricksaet\\\/\"},{\"@type\":\"ListItem\",\"position\":4,\"name\":\"Strickset f\u00fcr Frauen\",\"item\":\"https:\\\/\\\/conraddesign.dk\\\/de\\\/shoppen\\\/stricksaet\\\/strickset-fuer-frauen\\\/\"},{\"@type\":\"ListItem\",\"position\":5,\"name\":\"Pauline\"}]},{\"@type\":\"WebSite\",\"@id\":\"https:\\\/\\\/conraddesign.dk\\\/de\\\/#website\",\"url\":\"https:\\\/\\\/conraddesign.dk\\\/de\\\/\",\"name\":\"Conraddesign\",\"description\":\"\",\"publisher\":{\"@id\":\"https:\\\/\\\/conraddesign.dk\\\/de\\\/#organization\"},\"potentialAction\":[{\"@type\":\"SearchAction\",\"target\":{\"@type\":\"EntryPoint\",\"urlTemplate\":\"https:\\\/\\\/conraddesign.dk\\\/de\\\/?s={search_term_string}\"},\"query-input\":{\"@type\":\"PropertyValueSpecification\",\"valueRequired\":true,\"valueName\":\"search_term_string\"}}],\"inLanguage\":\"de\"},{\"@type\":\"Organization\",\"@id\":\"https:\\\/\\\/conraddesign.dk\\\/de\\\/#organization\",\"name\":\"Conraddesign\",\"url\":\"https:\\\/\\\/conraddesign.dk\\\/de\\\/\",\"logo\":{\"@type\":\"ImageObject\",\"inLanguage\":\"de\",\"@id\":\"https:\\\/\\\/conraddesign.dk\\\/de\\\/#\\\/schema\\\/logo\\\/image\\\/\",\"url\":\"https:\\\/\\\/conraddesign.dk\\\/wp-content\\\/uploads\\\/website-logo.png\",\"contentUrl\":\"https:\\\/\\\/conraddesign.dk\\\/wp-content\\\/uploads\\\/website-logo.png\",\"width\":351,\"height\":101,\"caption\":\"Conraddesign\"},\"image\":{\"@id\":\"https:\\\/\\\/conraddesign.dk\\\/de\\\/#\\\/schema\\\/logo\\\/image\\\/\"}}]}<\/script>\n<!-- \/ Yoast SEO plugin. -->","yoast_head_json":{"title":"Pauline - Conraddesign","robots":{"index":"index","follow":"follow","max-snippet":"max-snippet:-1","max-image-preview":"max-image-preview:large","max-video-preview":"max-video-preview:-1"},"canonical":"https:\/\/conraddesign.dk\/de\/shop\/stricksaet\/strickset-fuer-frauen\/pauline\/","og_locale":"de_DE","og_type":"article","og_title":"Pauline - Conraddesign","og_description":"Gr\u00f6\u00dfe: XS - XXL. Bunter Pulli im Einzelfaden Coast Wolle Strickset enth\u00e4lt Wolle und deutsche Strickanweisungen Design: Ketty Conrad.","og_url":"https:\/\/conraddesign.dk\/de\/shop\/stricksaet\/strickset-fuer-frauen\/pauline\/","og_site_name":"Conraddesign","article_modified_time":"2025-10-30T09:41:45+00:00","og_image":[{"width":800,"height":1067,"url":"https:\/\/conraddesign.dk\/wp-content\/uploads\/Pauline-3-e1549549369381-1.jpg","type":"image\/jpeg"}],"twitter_card":"summary_large_image","schema":{"@context":"https:\/\/schema.org","@graph":[{"@type":"WebPage","@id":"https:\/\/conraddesign.dk\/de\/shop\/stricksaet\/strickset-fuer-frauen\/pauline\/","url":"https:\/\/conraddesign.dk\/de\/shop\/stricksaet\/strickset-fuer-frauen\/pauline\/","name":"Pauline - Conraddesign","isPartOf":{"@id":"https:\/\/conraddesign.dk\/de\/#website"},"primaryImageOfPage":{"@id":"https:\/\/conraddesign.dk\/de\/shop\/stricksaet\/strickset-fuer-frauen\/pauline\/#primaryimage"},"image":{"@id":"https:\/\/conraddesign.dk\/de\/shop\/stricksaet\/strickset-fuer-frauen\/pauline\/#primaryimage"},"thumbnailUrl":"https:\/\/conraddesign.dk\/wp-content\/uploads\/Pauline-3-e1549549369381-1.jpg","datePublished":"2019-02-07T13:25:14+00:00","dateModified":"2025-10-30T09:41:45+00:00","breadcrumb":{"@id":"https:\/\/conraddesign.dk\/de\/shop\/stricksaet\/strickset-fuer-frauen\/pauline\/#breadcrumb"},"inLanguage":"de","potentialAction":[{"@type":"ReadAction","target":["https:\/\/conraddesign.dk\/de\/shop\/stricksaet\/strickset-fuer-frauen\/pauline\/"]}]},{"@type":"ImageObject","inLanguage":"de","@id":"https:\/\/conraddesign.dk\/de\/shop\/stricksaet\/strickset-fuer-frauen\/pauline\/#primaryimage","url":"https:\/\/conraddesign.dk\/wp-content\/uploads\/Pauline-3-e1549549369381-1.jpg","contentUrl":"https:\/\/conraddesign.dk\/wp-content\/uploads\/Pauline-3-e1549549369381-1.jpg","width":800,"height":1067,"caption":"cof"},{"@type":"BreadcrumbList","@id":"https:\/\/conraddesign.dk\/de\/shop\/stricksaet\/strickset-fuer-frauen\/pauline\/#breadcrumb","itemListElement":[{"@type":"ListItem","position":1,"name":"Forside","item":"https:\/\/conraddesign.dk\/de\/"},{"@type":"ListItem","position":2,"name":"Shop","item":"https:\/\/conraddesign.dk\/de\/shop\/"},{"@type":"ListItem","position":3,"name":"Strickset","item":"https:\/\/conraddesign.dk\/de\/shoppen\/stricksaet\/"},{"@type":"ListItem","position":4,"name":"Strickset f\u00fcr Frauen","item":"https:\/\/conraddesign.dk\/de\/shoppen\/stricksaet\/strickset-fuer-frauen\/"},{"@type":"ListItem","position":5,"name":"Pauline"}]},{"@type":"WebSite","@id":"https:\/\/conraddesign.dk\/de\/#website","url":"https:\/\/conraddesign.dk\/de\/","name":"Conraddesign","description":"","publisher":{"@id":"https:\/\/conraddesign.dk\/de\/#organization"},"potentialAction":[{"@type":"SearchAction","target":{"@type":"EntryPoint","urlTemplate":"https:\/\/conraddesign.dk\/de\/?s={search_term_string}"},"query-input":{"@type":"PropertyValueSpecification","valueRequired":true,"valueName":"search_term_string"}}],"inLanguage":"de"},{"@type":"Organization","@id":"https:\/\/conraddesign.dk\/de\/#organization","name":"Conraddesign","url":"https:\/\/conraddesign.dk\/de\/","logo":{"@type":"ImageObject","inLanguage":"de","@id":"https:\/\/conraddesign.dk\/de\/#\/schema\/logo\/image\/","url":"https:\/\/conraddesign.dk\/wp-content\/uploads\/website-logo.png","contentUrl":"https:\/\/conraddesign.dk\/wp-content\/uploads\/website-logo.png","width":351,"height":101,"caption":"Conraddesign"},"image":{"@id":"https:\/\/conraddesign.dk\/de\/#\/schema\/logo\/image\/"}}]}},"_links":{"self":[{"href":"https:\/\/conraddesign.dk\/de\/wp-json\/wp\/v2\/product\/13997","targetHints":{"allow":["GET"]}}],"collection":[{"href":"https:\/\/conraddesign.dk\/de\/wp-json\/wp\/v2\/product"}],"about":[{"href":"https:\/\/conraddesign.dk\/de\/wp-json\/wp\/v2\/types\/product"}],"version-history":[{"count":1,"href":"https:\/\/conraddesign.dk\/de\/wp-json\/wp\/v2\/product\/13997\/revisions"}],"predecessor-version":[{"id":13998,"href":"https:\/\/conraddesign.dk\/de\/wp-json\/wp\/v2\/product\/13997\/revisions\/13998"}],"wp:featuredmedia":[{"embeddable":true,"href":"https:\/\/conraddesign.dk\/de\/wp-json\/wp\/v2\/media\/10599"}],"wp:attachment":[{"href":"https:\/\/conraddesign.dk\/de\/wp-json\/wp\/v2\/media?parent=13997"}],"wp:term":[{"taxonomy":"product_brand","embeddable":true,"href":"https:\/\/conraddesign.dk\/de\/wp-json\/wp\/v2\/product_brand?post=13997"},{"taxonomy":"product_cat","embeddable":true,"href":"https:\/\/conraddesign.dk\/de\/wp-json\/wp\/v2\/product_cat?post=13997"},{"taxonomy":"product_tag","embeddable":true,"href":"https:\/\/conraddesign.dk\/de\/wp-json\/wp\/v2\/product_tag?post=13997"}],"curies":[{"name":"wp","href":"https:\/\/api.w.org\/{rel}","templated":true}]}}