{"id":14021,"date":"2021-03-28T21:07:21","date_gmt":"2021-03-28T19:07:21","guid":{"rendered":"https:\/\/conraddesign.dk\/shop\/unkategorisiert\/mirakel-1\/"},"modified":"2025-09-24T14:18:23","modified_gmt":"2025-09-24T12:18:23","slug":"mirakel-1","status":"publish","type":"product","link":"https:\/\/conraddesign.dk\/de\/shop\/stricksaet\/strickset-fuer-frauen\/mirakel-1\/","title":{"rendered":"Das Wunder 1"},"content":{"rendered":"<p>Gr\u00f6\u00dfe: S &#8211; (M) &#8211; L &#8211; (XL) &#8211; XXL &#8211; (XXXL)<\/p>\n<ul>\n<li>Brustweite: 94 &#8211; (102) &#8211; 108 &#8211; (116) &#8211; 122 &#8211; (130) Cm<\/li>\n<li>L\u00e4nge: 59 &#8211; 63 Cm<\/li>\n<\/ul>\n<p>Material: Coastgarn 55 % Merino Lammwolle \/ 45 % Baumwolle.<\/p>\n<p>Gestrickt mit Doppelgarn von N 4.5 und H\u00e4kelnadel 3<\/p>\n<p>2 Farben im Pulli<\/p>\n<p>Design: Ketty Conrad<\/p>\n","protected":false},"excerpt":{"rendered":"<p>Gr\u00f6\u00dfe: S &#8211; XXXL<\/p>\n<p>Der Wunderpulli kaschiert l\u00e4ssig die kleinen extra Pf\u00fcndchen &#8211; oder gibt eben ein bisschen mehr F\u00fclle f\u00fcr die zarte Figur<\/p>\n<p>Wie ein Wunder passt der Wunderpulli immer<\/p>\n<ul>\n<li>Wolle: Coast \/ Black &#8211; Dark Navy<\/li>\n<\/ul>\n<p>Strickset enth\u00e4lt Wolle und deutsche Strikanweisungen<\/p>\n<p>Design: Ketty Conrad<\/p>\n","protected":false},"featured_media":14023,"template":"","meta":{"_acf_changed":false},"product_brand":[],"product_cat":[396,400],"product_tag":[],"class_list":{"0":"post-14021","1":"product","2":"type-product","3":"status-publish","4":"has-post-thumbnail","6":"product_cat-stricksaet","7":"product_cat-strickset-fuer-frauen","8":"pa_stoerrelse-s-l","9":"pa_stoerrelse-xl-xxxl","10":"pa_storrelse-xl-xxxl-2","11":"pa_storrelse-s-l","12":"tm-has-options","14":"first","15":"instock","16":"taxable","17":"shipping-taxable","18":"purchasable","19":"product-type-variable"},"acf":[],"yoast_head":"<!-- This site is optimized with the Yoast SEO plugin v27.5 - https:\/\/yoast.com\/product\/yoast-seo-wordpress\/ -->\n<title>Das Wunder 1 - Conraddesign<\/title>\n<meta name=\"robots\" content=\"index, follow, max-snippet:-1, max-image-preview:large, max-video-preview:-1\" \/>\n<link rel=\"canonical\" href=\"https:\/\/conraddesign.dk\/de\/shop\/stricksaet\/strickset-fuer-frauen\/mirakel-1\/\" \/>\n<meta property=\"og:locale\" content=\"de_DE\" \/>\n<meta property=\"og:type\" content=\"article\" \/>\n<meta property=\"og:title\" content=\"Das Wunder 1 - Conraddesign\" \/>\n<meta property=\"og:description\" content=\"Gr\u00f6\u00dfe: S - XXXL Der Wunderpulli kaschiert l\u00e4ssig die kleinen extra Pf\u00fcndchen - oder gibt eben ein bisschen mehr F\u00fclle f\u00fcr die zarte Figur Wie ein Wunder passt der Wunderpulli immer  Wolle: Coast \/ Black - Dark Navy Strickset enth\u00e4lt Wolle und deutsche Strikanweisungen Design: Ketty Conrad\" \/>\n<meta property=\"og:url\" content=\"https:\/\/conraddesign.dk\/de\/shop\/stricksaet\/strickset-fuer-frauen\/mirakel-1\/\" \/>\n<meta property=\"og:site_name\" content=\"Conraddesign\" \/>\n<meta property=\"article:modified_time\" content=\"2025-09-24T12:18:23+00:00\" \/>\n<meta property=\"og:image\" content=\"https:\/\/conraddesign.dk\/wp-content\/uploads\/Mirakle-1-2.jpg\" \/>\n\t<meta property=\"og:image:width\" content=\"1440\" \/>\n\t<meta property=\"og:image:height\" content=\"1920\" \/>\n\t<meta property=\"og:image:type\" content=\"image\/jpeg\" \/>\n<meta name=\"twitter:card\" content=\"summary_large_image\" \/>\n<script type=\"application\/ld+json\" class=\"yoast-schema-graph\">{\"@context\":\"https:\\\/\\\/schema.org\",\"@graph\":[{\"@type\":\"WebPage\",\"@id\":\"https:\\\/\\\/conraddesign.dk\\\/de\\\/shop\\\/stricksaet\\\/strickset-fuer-frauen\\\/mirakel-1\\\/\",\"url\":\"https:\\\/\\\/conraddesign.dk\\\/de\\\/shop\\\/stricksaet\\\/strickset-fuer-frauen\\\/mirakel-1\\\/\",\"name\":\"Das Wunder 1 - Conraddesign\",\"isPartOf\":{\"@id\":\"https:\\\/\\\/conraddesign.dk\\\/de\\\/#website\"},\"primaryImageOfPage\":{\"@id\":\"https:\\\/\\\/conraddesign.dk\\\/de\\\/shop\\\/stricksaet\\\/strickset-fuer-frauen\\\/mirakel-1\\\/#primaryimage\"},\"image\":{\"@id\":\"https:\\\/\\\/conraddesign.dk\\\/de\\\/shop\\\/stricksaet\\\/strickset-fuer-frauen\\\/mirakel-1\\\/#primaryimage\"},\"thumbnailUrl\":\"https:\\\/\\\/conraddesign.dk\\\/wp-content\\\/uploads\\\/Mirakle-1-2.jpg\",\"datePublished\":\"2021-03-28T19:07:21+00:00\",\"dateModified\":\"2025-09-24T12:18:23+00:00\",\"breadcrumb\":{\"@id\":\"https:\\\/\\\/conraddesign.dk\\\/de\\\/shop\\\/stricksaet\\\/strickset-fuer-frauen\\\/mirakel-1\\\/#breadcrumb\"},\"inLanguage\":\"de\",\"potentialAction\":[{\"@type\":\"ReadAction\",\"target\":[\"https:\\\/\\\/conraddesign.dk\\\/de\\\/shop\\\/stricksaet\\\/strickset-fuer-frauen\\\/mirakel-1\\\/\"]}]},{\"@type\":\"ImageObject\",\"inLanguage\":\"de\",\"@id\":\"https:\\\/\\\/conraddesign.dk\\\/de\\\/shop\\\/stricksaet\\\/strickset-fuer-frauen\\\/mirakel-1\\\/#primaryimage\",\"url\":\"https:\\\/\\\/conraddesign.dk\\\/wp-content\\\/uploads\\\/Mirakle-1-2.jpg\",\"contentUrl\":\"https:\\\/\\\/conraddesign.dk\\\/wp-content\\\/uploads\\\/Mirakle-1-2.jpg\",\"width\":1440,\"height\":1920},{\"@type\":\"BreadcrumbList\",\"@id\":\"https:\\\/\\\/conraddesign.dk\\\/de\\\/shop\\\/stricksaet\\\/strickset-fuer-frauen\\\/mirakel-1\\\/#breadcrumb\",\"itemListElement\":[{\"@type\":\"ListItem\",\"position\":1,\"name\":\"Forside\",\"item\":\"https:\\\/\\\/conraddesign.dk\\\/de\\\/\"},{\"@type\":\"ListItem\",\"position\":2,\"name\":\"Shop\",\"item\":\"https:\\\/\\\/conraddesign.dk\\\/de\\\/shop\\\/\"},{\"@type\":\"ListItem\",\"position\":3,\"name\":\"Strickset\",\"item\":\"https:\\\/\\\/conraddesign.dk\\\/de\\\/shoppen\\\/stricksaet\\\/\"},{\"@type\":\"ListItem\",\"position\":4,\"name\":\"Strickset f\u00fcr Frauen\",\"item\":\"https:\\\/\\\/conraddesign.dk\\\/de\\\/shoppen\\\/stricksaet\\\/strickset-fuer-frauen\\\/\"},{\"@type\":\"ListItem\",\"position\":5,\"name\":\"Das Wunder 1\"}]},{\"@type\":\"WebSite\",\"@id\":\"https:\\\/\\\/conraddesign.dk\\\/de\\\/#website\",\"url\":\"https:\\\/\\\/conraddesign.dk\\\/de\\\/\",\"name\":\"Conraddesign\",\"description\":\"\",\"publisher\":{\"@id\":\"https:\\\/\\\/conraddesign.dk\\\/de\\\/#organization\"},\"potentialAction\":[{\"@type\":\"SearchAction\",\"target\":{\"@type\":\"EntryPoint\",\"urlTemplate\":\"https:\\\/\\\/conraddesign.dk\\\/de\\\/?s={search_term_string}\"},\"query-input\":{\"@type\":\"PropertyValueSpecification\",\"valueRequired\":true,\"valueName\":\"search_term_string\"}}],\"inLanguage\":\"de\"},{\"@type\":\"Organization\",\"@id\":\"https:\\\/\\\/conraddesign.dk\\\/de\\\/#organization\",\"name\":\"Conraddesign\",\"url\":\"https:\\\/\\\/conraddesign.dk\\\/de\\\/\",\"logo\":{\"@type\":\"ImageObject\",\"inLanguage\":\"de\",\"@id\":\"https:\\\/\\\/conraddesign.dk\\\/de\\\/#\\\/schema\\\/logo\\\/image\\\/\",\"url\":\"https:\\\/\\\/conraddesign.dk\\\/wp-content\\\/uploads\\\/website-logo.png\",\"contentUrl\":\"https:\\\/\\\/conraddesign.dk\\\/wp-content\\\/uploads\\\/website-logo.png\",\"width\":351,\"height\":101,\"caption\":\"Conraddesign\"},\"image\":{\"@id\":\"https:\\\/\\\/conraddesign.dk\\\/de\\\/#\\\/schema\\\/logo\\\/image\\\/\"}}]}<\/script>\n<!-- \/ Yoast SEO plugin. -->","yoast_head_json":{"title":"Das Wunder 1 - Conraddesign","robots":{"index":"index","follow":"follow","max-snippet":"max-snippet:-1","max-image-preview":"max-image-preview:large","max-video-preview":"max-video-preview:-1"},"canonical":"https:\/\/conraddesign.dk\/de\/shop\/stricksaet\/strickset-fuer-frauen\/mirakel-1\/","og_locale":"de_DE","og_type":"article","og_title":"Das Wunder 1 - Conraddesign","og_description":"Gr\u00f6\u00dfe: S - XXXL Der Wunderpulli kaschiert l\u00e4ssig die kleinen extra Pf\u00fcndchen - oder gibt eben ein bisschen mehr F\u00fclle f\u00fcr die zarte Figur Wie ein Wunder passt der Wunderpulli immer  Wolle: Coast \/ Black - Dark Navy Strickset enth\u00e4lt Wolle und deutsche Strikanweisungen Design: Ketty Conrad","og_url":"https:\/\/conraddesign.dk\/de\/shop\/stricksaet\/strickset-fuer-frauen\/mirakel-1\/","og_site_name":"Conraddesign","article_modified_time":"2025-09-24T12:18:23+00:00","og_image":[{"width":1440,"height":1920,"url":"https:\/\/conraddesign.dk\/wp-content\/uploads\/Mirakle-1-2.jpg","type":"image\/jpeg"}],"twitter_card":"summary_large_image","schema":{"@context":"https:\/\/schema.org","@graph":[{"@type":"WebPage","@id":"https:\/\/conraddesign.dk\/de\/shop\/stricksaet\/strickset-fuer-frauen\/mirakel-1\/","url":"https:\/\/conraddesign.dk\/de\/shop\/stricksaet\/strickset-fuer-frauen\/mirakel-1\/","name":"Das Wunder 1 - Conraddesign","isPartOf":{"@id":"https:\/\/conraddesign.dk\/de\/#website"},"primaryImageOfPage":{"@id":"https:\/\/conraddesign.dk\/de\/shop\/stricksaet\/strickset-fuer-frauen\/mirakel-1\/#primaryimage"},"image":{"@id":"https:\/\/conraddesign.dk\/de\/shop\/stricksaet\/strickset-fuer-frauen\/mirakel-1\/#primaryimage"},"thumbnailUrl":"https:\/\/conraddesign.dk\/wp-content\/uploads\/Mirakle-1-2.jpg","datePublished":"2021-03-28T19:07:21+00:00","dateModified":"2025-09-24T12:18:23+00:00","breadcrumb":{"@id":"https:\/\/conraddesign.dk\/de\/shop\/stricksaet\/strickset-fuer-frauen\/mirakel-1\/#breadcrumb"},"inLanguage":"de","potentialAction":[{"@type":"ReadAction","target":["https:\/\/conraddesign.dk\/de\/shop\/stricksaet\/strickset-fuer-frauen\/mirakel-1\/"]}]},{"@type":"ImageObject","inLanguage":"de","@id":"https:\/\/conraddesign.dk\/de\/shop\/stricksaet\/strickset-fuer-frauen\/mirakel-1\/#primaryimage","url":"https:\/\/conraddesign.dk\/wp-content\/uploads\/Mirakle-1-2.jpg","contentUrl":"https:\/\/conraddesign.dk\/wp-content\/uploads\/Mirakle-1-2.jpg","width":1440,"height":1920},{"@type":"BreadcrumbList","@id":"https:\/\/conraddesign.dk\/de\/shop\/stricksaet\/strickset-fuer-frauen\/mirakel-1\/#breadcrumb","itemListElement":[{"@type":"ListItem","position":1,"name":"Forside","item":"https:\/\/conraddesign.dk\/de\/"},{"@type":"ListItem","position":2,"name":"Shop","item":"https:\/\/conraddesign.dk\/de\/shop\/"},{"@type":"ListItem","position":3,"name":"Strickset","item":"https:\/\/conraddesign.dk\/de\/shoppen\/stricksaet\/"},{"@type":"ListItem","position":4,"name":"Strickset f\u00fcr Frauen","item":"https:\/\/conraddesign.dk\/de\/shoppen\/stricksaet\/strickset-fuer-frauen\/"},{"@type":"ListItem","position":5,"name":"Das Wunder 1"}]},{"@type":"WebSite","@id":"https:\/\/conraddesign.dk\/de\/#website","url":"https:\/\/conraddesign.dk\/de\/","name":"Conraddesign","description":"","publisher":{"@id":"https:\/\/conraddesign.dk\/de\/#organization"},"potentialAction":[{"@type":"SearchAction","target":{"@type":"EntryPoint","urlTemplate":"https:\/\/conraddesign.dk\/de\/?s={search_term_string}"},"query-input":{"@type":"PropertyValueSpecification","valueRequired":true,"valueName":"search_term_string"}}],"inLanguage":"de"},{"@type":"Organization","@id":"https:\/\/conraddesign.dk\/de\/#organization","name":"Conraddesign","url":"https:\/\/conraddesign.dk\/de\/","logo":{"@type":"ImageObject","inLanguage":"de","@id":"https:\/\/conraddesign.dk\/de\/#\/schema\/logo\/image\/","url":"https:\/\/conraddesign.dk\/wp-content\/uploads\/website-logo.png","contentUrl":"https:\/\/conraddesign.dk\/wp-content\/uploads\/website-logo.png","width":351,"height":101,"caption":"Conraddesign"},"image":{"@id":"https:\/\/conraddesign.dk\/de\/#\/schema\/logo\/image\/"}}]}},"_links":{"self":[{"href":"https:\/\/conraddesign.dk\/de\/wp-json\/wp\/v2\/product\/14021","targetHints":{"allow":["GET"]}}],"collection":[{"href":"https:\/\/conraddesign.dk\/de\/wp-json\/wp\/v2\/product"}],"about":[{"href":"https:\/\/conraddesign.dk\/de\/wp-json\/wp\/v2\/types\/product"}],"version-history":[{"count":1,"href":"https:\/\/conraddesign.dk\/de\/wp-json\/wp\/v2\/product\/14021\/revisions"}],"predecessor-version":[{"id":14022,"href":"https:\/\/conraddesign.dk\/de\/wp-json\/wp\/v2\/product\/14021\/revisions\/14022"}],"wp:featuredmedia":[{"embeddable":true,"href":"https:\/\/conraddesign.dk\/de\/wp-json\/wp\/v2\/media\/14023"}],"wp:attachment":[{"href":"https:\/\/conraddesign.dk\/de\/wp-json\/wp\/v2\/media?parent=14021"}],"wp:term":[{"taxonomy":"product_brand","embeddable":true,"href":"https:\/\/conraddesign.dk\/de\/wp-json\/wp\/v2\/product_brand?post=14021"},{"taxonomy":"product_cat","embeddable":true,"href":"https:\/\/conraddesign.dk\/de\/wp-json\/wp\/v2\/product_cat?post=14021"},{"taxonomy":"product_tag","embeddable":true,"href":"https:\/\/conraddesign.dk\/de\/wp-json\/wp\/v2\/product_tag?post=14021"}],"curies":[{"name":"wp","href":"https:\/\/api.w.org\/{rel}","templated":true}]}}