{"id":14030,"date":"2020-01-17T14:31:44","date_gmt":"2020-01-17T13:31:44","guid":{"rendered":"https:\/\/conraddesign.dk\/shop\/unkategorisiert\/michael\/"},"modified":"2025-10-30T10:46:08","modified_gmt":"2025-10-30T09:46:08","slug":"michael","status":"publish","type":"product","link":"https:\/\/conraddesign.dk\/de\/shop\/stricksaet\/strickset-fuer-maenner\/michael\/","title":{"rendered":"Michael"},"content":{"rendered":"<p>Gr\u00f6\u00dfe: (S) &#8211; M &#8211; (L) &#8211; XL &#8211; (XXL)<\/p>\n<ul>\n<li>Brustweite: (106) \u2013 113 &#8211; (120) \u2013 126 \u2013 (133) Cm<\/li>\n<li>Ganze L\u00e4nge: (64) \u2013 66 &#8211; (68) \u2013 70 &#8211; (72) Cm<\/li>\n<\/ul>\n<p>Material: Supersoft 100% Wolle<\/p>\n<p>Gestrickt auf Rundstock 2.5 und 3.5<\/p>\n<p>6 Farben im Modell<\/p>\n<p>Design: Helena Conrad<\/p>\n","protected":false},"excerpt":{"rendered":"<p>Gr\u00f6\u00dfe: S &#8211; XXL<\/p>\n<p>Sch\u00f6ne Retro-Weste<\/p>\n<p>Wolle: Supersoft<\/p>\n<p>Strickset enth\u00e4lt Wolle und deutsche Strikanweisungen<\/p>\n<p>Design: Helena Conrad<\/p>\n","protected":false},"featured_media":14032,"template":"","meta":{"_acf_changed":false},"product_brand":[],"product_cat":[396,399],"product_tag":[],"class_list":{"0":"post-14030","1":"product","2":"type-product","3":"status-publish","4":"has-post-thumbnail","6":"product_cat-stricksaet","7":"product_cat-strickset-fuer-maenner","8":"tm-no-options","10":"first","11":"instock","12":"taxable","13":"shipping-taxable","14":"purchasable","15":"product-type-simple"},"acf":[],"yoast_head":"<!-- This site is optimized with the Yoast SEO plugin v27.5 - https:\/\/yoast.com\/product\/yoast-seo-wordpress\/ -->\n<title>Michael - Conraddesign<\/title>\n<meta name=\"robots\" content=\"index, follow, max-snippet:-1, max-image-preview:large, max-video-preview:-1\" \/>\n<link rel=\"canonical\" href=\"https:\/\/conraddesign.dk\/de\/shop\/stricksaet\/strickset-fuer-maenner\/michael\/\" \/>\n<meta property=\"og:locale\" content=\"de_DE\" \/>\n<meta property=\"og:type\" content=\"article\" \/>\n<meta property=\"og:title\" content=\"Michael - Conraddesign\" \/>\n<meta property=\"og:description\" content=\"Gr\u00f6\u00dfe: S - XXL Sch\u00f6ne Retro-Weste Wolle: Supersoft Strickset enth\u00e4lt Wolle und deutsche Strikanweisungen Design: Helena Conrad\" \/>\n<meta property=\"og:url\" content=\"https:\/\/conraddesign.dk\/de\/shop\/stricksaet\/strickset-fuer-maenner\/michael\/\" \/>\n<meta property=\"og:site_name\" content=\"Conraddesign\" \/>\n<meta property=\"article:modified_time\" content=\"2025-10-30T09:46:08+00:00\" \/>\n<meta property=\"og:image\" content=\"https:\/\/conraddesign.dk\/wp-content\/uploads\/Vest-Thor-1-2-scaled-e1579257927943-1.jpg\" \/>\n\t<meta property=\"og:image:width\" content=\"1000\" \/>\n\t<meta property=\"og:image:height\" content=\"1333\" \/>\n\t<meta property=\"og:image:type\" content=\"image\/jpeg\" \/>\n<meta name=\"twitter:card\" content=\"summary_large_image\" \/>\n<script type=\"application\/ld+json\" class=\"yoast-schema-graph\">{\"@context\":\"https:\\\/\\\/schema.org\",\"@graph\":[{\"@type\":\"WebPage\",\"@id\":\"https:\\\/\\\/conraddesign.dk\\\/de\\\/shop\\\/stricksaet\\\/strickset-fuer-maenner\\\/michael\\\/\",\"url\":\"https:\\\/\\\/conraddesign.dk\\\/de\\\/shop\\\/stricksaet\\\/strickset-fuer-maenner\\\/michael\\\/\",\"name\":\"Michael - Conraddesign\",\"isPartOf\":{\"@id\":\"https:\\\/\\\/conraddesign.dk\\\/de\\\/#website\"},\"primaryImageOfPage\":{\"@id\":\"https:\\\/\\\/conraddesign.dk\\\/de\\\/shop\\\/stricksaet\\\/strickset-fuer-maenner\\\/michael\\\/#primaryimage\"},\"image\":{\"@id\":\"https:\\\/\\\/conraddesign.dk\\\/de\\\/shop\\\/stricksaet\\\/strickset-fuer-maenner\\\/michael\\\/#primaryimage\"},\"thumbnailUrl\":\"https:\\\/\\\/conraddesign.dk\\\/wp-content\\\/uploads\\\/Vest-Thor-1-2-scaled-e1579257927943-1.jpg\",\"datePublished\":\"2020-01-17T13:31:44+00:00\",\"dateModified\":\"2025-10-30T09:46:08+00:00\",\"breadcrumb\":{\"@id\":\"https:\\\/\\\/conraddesign.dk\\\/de\\\/shop\\\/stricksaet\\\/strickset-fuer-maenner\\\/michael\\\/#breadcrumb\"},\"inLanguage\":\"de\",\"potentialAction\":[{\"@type\":\"ReadAction\",\"target\":[\"https:\\\/\\\/conraddesign.dk\\\/de\\\/shop\\\/stricksaet\\\/strickset-fuer-maenner\\\/michael\\\/\"]}]},{\"@type\":\"ImageObject\",\"inLanguage\":\"de\",\"@id\":\"https:\\\/\\\/conraddesign.dk\\\/de\\\/shop\\\/stricksaet\\\/strickset-fuer-maenner\\\/michael\\\/#primaryimage\",\"url\":\"https:\\\/\\\/conraddesign.dk\\\/wp-content\\\/uploads\\\/Vest-Thor-1-2-scaled-e1579257927943-1.jpg\",\"contentUrl\":\"https:\\\/\\\/conraddesign.dk\\\/wp-content\\\/uploads\\\/Vest-Thor-1-2-scaled-e1579257927943-1.jpg\",\"width\":1000,\"height\":1333},{\"@type\":\"BreadcrumbList\",\"@id\":\"https:\\\/\\\/conraddesign.dk\\\/de\\\/shop\\\/stricksaet\\\/strickset-fuer-maenner\\\/michael\\\/#breadcrumb\",\"itemListElement\":[{\"@type\":\"ListItem\",\"position\":1,\"name\":\"Forside\",\"item\":\"https:\\\/\\\/conraddesign.dk\\\/de\\\/\"},{\"@type\":\"ListItem\",\"position\":2,\"name\":\"Shop\",\"item\":\"https:\\\/\\\/conraddesign.dk\\\/de\\\/shop\\\/\"},{\"@type\":\"ListItem\",\"position\":3,\"name\":\"Strickset\",\"item\":\"https:\\\/\\\/conraddesign.dk\\\/de\\\/shoppen\\\/stricksaet\\\/\"},{\"@type\":\"ListItem\",\"position\":4,\"name\":\"Strickset f\u00fcr M\u00e4nner\",\"item\":\"https:\\\/\\\/conraddesign.dk\\\/de\\\/shoppen\\\/stricksaet\\\/strickset-fuer-maenner\\\/\"},{\"@type\":\"ListItem\",\"position\":5,\"name\":\"Michael\"}]},{\"@type\":\"WebSite\",\"@id\":\"https:\\\/\\\/conraddesign.dk\\\/de\\\/#website\",\"url\":\"https:\\\/\\\/conraddesign.dk\\\/de\\\/\",\"name\":\"Conraddesign\",\"description\":\"\",\"publisher\":{\"@id\":\"https:\\\/\\\/conraddesign.dk\\\/de\\\/#organization\"},\"potentialAction\":[{\"@type\":\"SearchAction\",\"target\":{\"@type\":\"EntryPoint\",\"urlTemplate\":\"https:\\\/\\\/conraddesign.dk\\\/de\\\/?s={search_term_string}\"},\"query-input\":{\"@type\":\"PropertyValueSpecification\",\"valueRequired\":true,\"valueName\":\"search_term_string\"}}],\"inLanguage\":\"de\"},{\"@type\":\"Organization\",\"@id\":\"https:\\\/\\\/conraddesign.dk\\\/de\\\/#organization\",\"name\":\"Conraddesign\",\"url\":\"https:\\\/\\\/conraddesign.dk\\\/de\\\/\",\"logo\":{\"@type\":\"ImageObject\",\"inLanguage\":\"de\",\"@id\":\"https:\\\/\\\/conraddesign.dk\\\/de\\\/#\\\/schema\\\/logo\\\/image\\\/\",\"url\":\"https:\\\/\\\/conraddesign.dk\\\/wp-content\\\/uploads\\\/website-logo.png\",\"contentUrl\":\"https:\\\/\\\/conraddesign.dk\\\/wp-content\\\/uploads\\\/website-logo.png\",\"width\":351,\"height\":101,\"caption\":\"Conraddesign\"},\"image\":{\"@id\":\"https:\\\/\\\/conraddesign.dk\\\/de\\\/#\\\/schema\\\/logo\\\/image\\\/\"}}]}<\/script>\n<!-- \/ Yoast SEO plugin. -->","yoast_head_json":{"title":"Michael - Conraddesign","robots":{"index":"index","follow":"follow","max-snippet":"max-snippet:-1","max-image-preview":"max-image-preview:large","max-video-preview":"max-video-preview:-1"},"canonical":"https:\/\/conraddesign.dk\/de\/shop\/stricksaet\/strickset-fuer-maenner\/michael\/","og_locale":"de_DE","og_type":"article","og_title":"Michael - Conraddesign","og_description":"Gr\u00f6\u00dfe: S - XXL Sch\u00f6ne Retro-Weste Wolle: Supersoft Strickset enth\u00e4lt Wolle und deutsche Strikanweisungen Design: Helena Conrad","og_url":"https:\/\/conraddesign.dk\/de\/shop\/stricksaet\/strickset-fuer-maenner\/michael\/","og_site_name":"Conraddesign","article_modified_time":"2025-10-30T09:46:08+00:00","og_image":[{"width":1000,"height":1333,"url":"https:\/\/conraddesign.dk\/wp-content\/uploads\/Vest-Thor-1-2-scaled-e1579257927943-1.jpg","type":"image\/jpeg"}],"twitter_card":"summary_large_image","schema":{"@context":"https:\/\/schema.org","@graph":[{"@type":"WebPage","@id":"https:\/\/conraddesign.dk\/de\/shop\/stricksaet\/strickset-fuer-maenner\/michael\/","url":"https:\/\/conraddesign.dk\/de\/shop\/stricksaet\/strickset-fuer-maenner\/michael\/","name":"Michael - Conraddesign","isPartOf":{"@id":"https:\/\/conraddesign.dk\/de\/#website"},"primaryImageOfPage":{"@id":"https:\/\/conraddesign.dk\/de\/shop\/stricksaet\/strickset-fuer-maenner\/michael\/#primaryimage"},"image":{"@id":"https:\/\/conraddesign.dk\/de\/shop\/stricksaet\/strickset-fuer-maenner\/michael\/#primaryimage"},"thumbnailUrl":"https:\/\/conraddesign.dk\/wp-content\/uploads\/Vest-Thor-1-2-scaled-e1579257927943-1.jpg","datePublished":"2020-01-17T13:31:44+00:00","dateModified":"2025-10-30T09:46:08+00:00","breadcrumb":{"@id":"https:\/\/conraddesign.dk\/de\/shop\/stricksaet\/strickset-fuer-maenner\/michael\/#breadcrumb"},"inLanguage":"de","potentialAction":[{"@type":"ReadAction","target":["https:\/\/conraddesign.dk\/de\/shop\/stricksaet\/strickset-fuer-maenner\/michael\/"]}]},{"@type":"ImageObject","inLanguage":"de","@id":"https:\/\/conraddesign.dk\/de\/shop\/stricksaet\/strickset-fuer-maenner\/michael\/#primaryimage","url":"https:\/\/conraddesign.dk\/wp-content\/uploads\/Vest-Thor-1-2-scaled-e1579257927943-1.jpg","contentUrl":"https:\/\/conraddesign.dk\/wp-content\/uploads\/Vest-Thor-1-2-scaled-e1579257927943-1.jpg","width":1000,"height":1333},{"@type":"BreadcrumbList","@id":"https:\/\/conraddesign.dk\/de\/shop\/stricksaet\/strickset-fuer-maenner\/michael\/#breadcrumb","itemListElement":[{"@type":"ListItem","position":1,"name":"Forside","item":"https:\/\/conraddesign.dk\/de\/"},{"@type":"ListItem","position":2,"name":"Shop","item":"https:\/\/conraddesign.dk\/de\/shop\/"},{"@type":"ListItem","position":3,"name":"Strickset","item":"https:\/\/conraddesign.dk\/de\/shoppen\/stricksaet\/"},{"@type":"ListItem","position":4,"name":"Strickset f\u00fcr M\u00e4nner","item":"https:\/\/conraddesign.dk\/de\/shoppen\/stricksaet\/strickset-fuer-maenner\/"},{"@type":"ListItem","position":5,"name":"Michael"}]},{"@type":"WebSite","@id":"https:\/\/conraddesign.dk\/de\/#website","url":"https:\/\/conraddesign.dk\/de\/","name":"Conraddesign","description":"","publisher":{"@id":"https:\/\/conraddesign.dk\/de\/#organization"},"potentialAction":[{"@type":"SearchAction","target":{"@type":"EntryPoint","urlTemplate":"https:\/\/conraddesign.dk\/de\/?s={search_term_string}"},"query-input":{"@type":"PropertyValueSpecification","valueRequired":true,"valueName":"search_term_string"}}],"inLanguage":"de"},{"@type":"Organization","@id":"https:\/\/conraddesign.dk\/de\/#organization","name":"Conraddesign","url":"https:\/\/conraddesign.dk\/de\/","logo":{"@type":"ImageObject","inLanguage":"de","@id":"https:\/\/conraddesign.dk\/de\/#\/schema\/logo\/image\/","url":"https:\/\/conraddesign.dk\/wp-content\/uploads\/website-logo.png","contentUrl":"https:\/\/conraddesign.dk\/wp-content\/uploads\/website-logo.png","width":351,"height":101,"caption":"Conraddesign"},"image":{"@id":"https:\/\/conraddesign.dk\/de\/#\/schema\/logo\/image\/"}}]}},"_links":{"self":[{"href":"https:\/\/conraddesign.dk\/de\/wp-json\/wp\/v2\/product\/14030","targetHints":{"allow":["GET"]}}],"collection":[{"href":"https:\/\/conraddesign.dk\/de\/wp-json\/wp\/v2\/product"}],"about":[{"href":"https:\/\/conraddesign.dk\/de\/wp-json\/wp\/v2\/types\/product"}],"version-history":[{"count":1,"href":"https:\/\/conraddesign.dk\/de\/wp-json\/wp\/v2\/product\/14030\/revisions"}],"predecessor-version":[{"id":14031,"href":"https:\/\/conraddesign.dk\/de\/wp-json\/wp\/v2\/product\/14030\/revisions\/14031"}],"wp:featuredmedia":[{"embeddable":true,"href":"https:\/\/conraddesign.dk\/de\/wp-json\/wp\/v2\/media\/14032"}],"wp:attachment":[{"href":"https:\/\/conraddesign.dk\/de\/wp-json\/wp\/v2\/media?parent=14030"}],"wp:term":[{"taxonomy":"product_brand","embeddable":true,"href":"https:\/\/conraddesign.dk\/de\/wp-json\/wp\/v2\/product_brand?post=14030"},{"taxonomy":"product_cat","embeddable":true,"href":"https:\/\/conraddesign.dk\/de\/wp-json\/wp\/v2\/product_cat?post=14030"},{"taxonomy":"product_tag","embeddable":true,"href":"https:\/\/conraddesign.dk\/de\/wp-json\/wp\/v2\/product_tag?post=14030"}],"curies":[{"name":"wp","href":"https:\/\/api.w.org\/{rel}","templated":true}]}}