{"id":14289,"date":"2019-08-13T19:58:24","date_gmt":"2019-08-13T17:58:24","guid":{"rendered":"https:\/\/conraddesign.dk\/shop\/unkategorisiert\/fraeulein-grau\/"},"modified":"2025-09-24T14:16:22","modified_gmt":"2025-09-24T12:16:22","slug":"fraeulein-grau","status":"publish","type":"product","link":"https:\/\/conraddesign.dk\/de\/shop\/rezept\/frauen\/fraeulein-grau\/","title":{"rendered":"Fr\u00e4ulein Grau"},"content":{"rendered":"<p>Gr\u00f6\u00dfe: S \u2013 (M) &#8211; L &#8211; (XL) &#8211; XXL<\/p>\n<ul>\n<li>Brustweite: (Mass von der Strickarbeit) 114 (118) &#8211; 122 &#8211; (126) &#8211; 130 cm<\/li>\n<li>\u00c4rmell\u00e4nge: 30 &#8211; (30) &#8211; 32 &#8211; (32) 34 cm<\/li>\n<li>L\u00e4nge: 64 &#8211; (64) &#8211; 66 &#8211; (66) &#8211; 66 cm<\/li>\n<\/ul>\n<p>Material: Supersoft 100% reine Wolle<\/p>\n<p>Gestrickt auf N 3 \/ 3,5 und H\u00e4kelnadel Nr. 3<\/p>\n<p>Design: Elsebeth Bloch<\/p>\n","protected":false},"excerpt":{"rendered":"<p>Gr\u00f6\u00dfe: S &#8211; XXL<\/p>\n<p>Cardigan mit Muster &#8211; Vendeus<\/p>\n<p>Design: Elsebeth Bloch<\/p>\n","protected":false},"featured_media":10668,"template":"","meta":{"_acf_changed":false},"product_brand":[],"product_cat":[398,402],"product_tag":[],"class_list":{"0":"post-14289","1":"product","2":"type-product","3":"status-publish","4":"has-post-thumbnail","6":"product_cat-rezept","7":"product_cat-frauen","8":"pa_stoerrelse-l-xl","9":"pa_stoerrelse-s-m","10":"pa_stoerrelse-xxl","11":"tm-no-options","13":"first","14":"instock","15":"downloadable","16":"virtual","17":"taxable","18":"purchasable","19":"product-type-simple"},"acf":[],"yoast_head":"<!-- This site is optimized with the Yoast SEO plugin v27.5 - https:\/\/yoast.com\/product\/yoast-seo-wordpress\/ -->\n<title>Fr\u00e4ulein Grau - Conraddesign<\/title>\n<meta name=\"robots\" content=\"index, follow, max-snippet:-1, max-image-preview:large, max-video-preview:-1\" \/>\n<link rel=\"canonical\" href=\"https:\/\/conraddesign.dk\/de\/shop\/rezept\/frauen\/fraeulein-grau\/\" \/>\n<meta property=\"og:locale\" content=\"de_DE\" \/>\n<meta property=\"og:type\" content=\"article\" \/>\n<meta property=\"og:title\" content=\"Fr\u00e4ulein Grau - Conraddesign\" \/>\n<meta property=\"og:description\" content=\"Gr\u00f6\u00dfe: S - XXL Cardigan mit Muster - Vendeus Design: Elsebeth Bloch\" \/>\n<meta property=\"og:url\" content=\"https:\/\/conraddesign.dk\/de\/shop\/rezept\/frauen\/fraeulein-grau\/\" \/>\n<meta property=\"og:site_name\" content=\"Conraddesign\" \/>\n<meta property=\"article:modified_time\" content=\"2025-09-24T12:16:22+00:00\" \/>\n<meta property=\"og:image\" content=\"https:\/\/conraddesign.dk\/wp-content\/uploads\/Froeken-Graa-3.jpg\" \/>\n\t<meta property=\"og:image:width\" content=\"1440\" \/>\n\t<meta property=\"og:image:height\" content=\"1920\" \/>\n\t<meta property=\"og:image:type\" content=\"image\/jpeg\" \/>\n<meta name=\"twitter:card\" content=\"summary_large_image\" \/>\n<script type=\"application\/ld+json\" class=\"yoast-schema-graph\">{\"@context\":\"https:\\\/\\\/schema.org\",\"@graph\":[{\"@type\":\"WebPage\",\"@id\":\"https:\\\/\\\/conraddesign.dk\\\/de\\\/shop\\\/rezept\\\/frauen\\\/fraeulein-grau\\\/\",\"url\":\"https:\\\/\\\/conraddesign.dk\\\/de\\\/shop\\\/rezept\\\/frauen\\\/fraeulein-grau\\\/\",\"name\":\"Fr\u00e4ulein Grau - Conraddesign\",\"isPartOf\":{\"@id\":\"https:\\\/\\\/conraddesign.dk\\\/de\\\/#website\"},\"primaryImageOfPage\":{\"@id\":\"https:\\\/\\\/conraddesign.dk\\\/de\\\/shop\\\/rezept\\\/frauen\\\/fraeulein-grau\\\/#primaryimage\"},\"image\":{\"@id\":\"https:\\\/\\\/conraddesign.dk\\\/de\\\/shop\\\/rezept\\\/frauen\\\/fraeulein-grau\\\/#primaryimage\"},\"thumbnailUrl\":\"https:\\\/\\\/conraddesign.dk\\\/wp-content\\\/uploads\\\/Froeken-Graa-3.jpg\",\"datePublished\":\"2019-08-13T17:58:24+00:00\",\"dateModified\":\"2025-09-24T12:16:22+00:00\",\"breadcrumb\":{\"@id\":\"https:\\\/\\\/conraddesign.dk\\\/de\\\/shop\\\/rezept\\\/frauen\\\/fraeulein-grau\\\/#breadcrumb\"},\"inLanguage\":\"de\",\"potentialAction\":[{\"@type\":\"ReadAction\",\"target\":[\"https:\\\/\\\/conraddesign.dk\\\/de\\\/shop\\\/rezept\\\/frauen\\\/fraeulein-grau\\\/\"]}]},{\"@type\":\"ImageObject\",\"inLanguage\":\"de\",\"@id\":\"https:\\\/\\\/conraddesign.dk\\\/de\\\/shop\\\/rezept\\\/frauen\\\/fraeulein-grau\\\/#primaryimage\",\"url\":\"https:\\\/\\\/conraddesign.dk\\\/wp-content\\\/uploads\\\/Froeken-Graa-3.jpg\",\"contentUrl\":\"https:\\\/\\\/conraddesign.dk\\\/wp-content\\\/uploads\\\/Froeken-Graa-3.jpg\",\"width\":1440,\"height\":1920},{\"@type\":\"BreadcrumbList\",\"@id\":\"https:\\\/\\\/conraddesign.dk\\\/de\\\/shop\\\/rezept\\\/frauen\\\/fraeulein-grau\\\/#breadcrumb\",\"itemListElement\":[{\"@type\":\"ListItem\",\"position\":1,\"name\":\"Forside\",\"item\":\"https:\\\/\\\/conraddesign.dk\\\/de\\\/\"},{\"@type\":\"ListItem\",\"position\":2,\"name\":\"Shop\",\"item\":\"https:\\\/\\\/conraddesign.dk\\\/de\\\/shop\\\/\"},{\"@type\":\"ListItem\",\"position\":3,\"name\":\"Strickanleitung\",\"item\":\"https:\\\/\\\/conraddesign.dk\\\/de\\\/shoppen\\\/rezept\\\/\"},{\"@type\":\"ListItem\",\"position\":4,\"name\":\"Frauen\",\"item\":\"https:\\\/\\\/conraddesign.dk\\\/de\\\/shoppen\\\/rezept\\\/frauen\\\/\"},{\"@type\":\"ListItem\",\"position\":5,\"name\":\"Fr\u00e4ulein Grau\"}]},{\"@type\":\"WebSite\",\"@id\":\"https:\\\/\\\/conraddesign.dk\\\/de\\\/#website\",\"url\":\"https:\\\/\\\/conraddesign.dk\\\/de\\\/\",\"name\":\"Conraddesign\",\"description\":\"\",\"publisher\":{\"@id\":\"https:\\\/\\\/conraddesign.dk\\\/de\\\/#organization\"},\"potentialAction\":[{\"@type\":\"SearchAction\",\"target\":{\"@type\":\"EntryPoint\",\"urlTemplate\":\"https:\\\/\\\/conraddesign.dk\\\/de\\\/?s={search_term_string}\"},\"query-input\":{\"@type\":\"PropertyValueSpecification\",\"valueRequired\":true,\"valueName\":\"search_term_string\"}}],\"inLanguage\":\"de\"},{\"@type\":\"Organization\",\"@id\":\"https:\\\/\\\/conraddesign.dk\\\/de\\\/#organization\",\"name\":\"Conraddesign\",\"url\":\"https:\\\/\\\/conraddesign.dk\\\/de\\\/\",\"logo\":{\"@type\":\"ImageObject\",\"inLanguage\":\"de\",\"@id\":\"https:\\\/\\\/conraddesign.dk\\\/de\\\/#\\\/schema\\\/logo\\\/image\\\/\",\"url\":\"https:\\\/\\\/conraddesign.dk\\\/wp-content\\\/uploads\\\/website-logo.png\",\"contentUrl\":\"https:\\\/\\\/conraddesign.dk\\\/wp-content\\\/uploads\\\/website-logo.png\",\"width\":351,\"height\":101,\"caption\":\"Conraddesign\"},\"image\":{\"@id\":\"https:\\\/\\\/conraddesign.dk\\\/de\\\/#\\\/schema\\\/logo\\\/image\\\/\"}}]}<\/script>\n<!-- \/ Yoast SEO plugin. -->","yoast_head_json":{"title":"Fr\u00e4ulein Grau - Conraddesign","robots":{"index":"index","follow":"follow","max-snippet":"max-snippet:-1","max-image-preview":"max-image-preview:large","max-video-preview":"max-video-preview:-1"},"canonical":"https:\/\/conraddesign.dk\/de\/shop\/rezept\/frauen\/fraeulein-grau\/","og_locale":"de_DE","og_type":"article","og_title":"Fr\u00e4ulein Grau - Conraddesign","og_description":"Gr\u00f6\u00dfe: S - XXL Cardigan mit Muster - Vendeus Design: Elsebeth Bloch","og_url":"https:\/\/conraddesign.dk\/de\/shop\/rezept\/frauen\/fraeulein-grau\/","og_site_name":"Conraddesign","article_modified_time":"2025-09-24T12:16:22+00:00","og_image":[{"width":1440,"height":1920,"url":"https:\/\/conraddesign.dk\/wp-content\/uploads\/Froeken-Graa-3.jpg","type":"image\/jpeg"}],"twitter_card":"summary_large_image","schema":{"@context":"https:\/\/schema.org","@graph":[{"@type":"WebPage","@id":"https:\/\/conraddesign.dk\/de\/shop\/rezept\/frauen\/fraeulein-grau\/","url":"https:\/\/conraddesign.dk\/de\/shop\/rezept\/frauen\/fraeulein-grau\/","name":"Fr\u00e4ulein Grau - Conraddesign","isPartOf":{"@id":"https:\/\/conraddesign.dk\/de\/#website"},"primaryImageOfPage":{"@id":"https:\/\/conraddesign.dk\/de\/shop\/rezept\/frauen\/fraeulein-grau\/#primaryimage"},"image":{"@id":"https:\/\/conraddesign.dk\/de\/shop\/rezept\/frauen\/fraeulein-grau\/#primaryimage"},"thumbnailUrl":"https:\/\/conraddesign.dk\/wp-content\/uploads\/Froeken-Graa-3.jpg","datePublished":"2019-08-13T17:58:24+00:00","dateModified":"2025-09-24T12:16:22+00:00","breadcrumb":{"@id":"https:\/\/conraddesign.dk\/de\/shop\/rezept\/frauen\/fraeulein-grau\/#breadcrumb"},"inLanguage":"de","potentialAction":[{"@type":"ReadAction","target":["https:\/\/conraddesign.dk\/de\/shop\/rezept\/frauen\/fraeulein-grau\/"]}]},{"@type":"ImageObject","inLanguage":"de","@id":"https:\/\/conraddesign.dk\/de\/shop\/rezept\/frauen\/fraeulein-grau\/#primaryimage","url":"https:\/\/conraddesign.dk\/wp-content\/uploads\/Froeken-Graa-3.jpg","contentUrl":"https:\/\/conraddesign.dk\/wp-content\/uploads\/Froeken-Graa-3.jpg","width":1440,"height":1920},{"@type":"BreadcrumbList","@id":"https:\/\/conraddesign.dk\/de\/shop\/rezept\/frauen\/fraeulein-grau\/#breadcrumb","itemListElement":[{"@type":"ListItem","position":1,"name":"Forside","item":"https:\/\/conraddesign.dk\/de\/"},{"@type":"ListItem","position":2,"name":"Shop","item":"https:\/\/conraddesign.dk\/de\/shop\/"},{"@type":"ListItem","position":3,"name":"Strickanleitung","item":"https:\/\/conraddesign.dk\/de\/shoppen\/rezept\/"},{"@type":"ListItem","position":4,"name":"Frauen","item":"https:\/\/conraddesign.dk\/de\/shoppen\/rezept\/frauen\/"},{"@type":"ListItem","position":5,"name":"Fr\u00e4ulein Grau"}]},{"@type":"WebSite","@id":"https:\/\/conraddesign.dk\/de\/#website","url":"https:\/\/conraddesign.dk\/de\/","name":"Conraddesign","description":"","publisher":{"@id":"https:\/\/conraddesign.dk\/de\/#organization"},"potentialAction":[{"@type":"SearchAction","target":{"@type":"EntryPoint","urlTemplate":"https:\/\/conraddesign.dk\/de\/?s={search_term_string}"},"query-input":{"@type":"PropertyValueSpecification","valueRequired":true,"valueName":"search_term_string"}}],"inLanguage":"de"},{"@type":"Organization","@id":"https:\/\/conraddesign.dk\/de\/#organization","name":"Conraddesign","url":"https:\/\/conraddesign.dk\/de\/","logo":{"@type":"ImageObject","inLanguage":"de","@id":"https:\/\/conraddesign.dk\/de\/#\/schema\/logo\/image\/","url":"https:\/\/conraddesign.dk\/wp-content\/uploads\/website-logo.png","contentUrl":"https:\/\/conraddesign.dk\/wp-content\/uploads\/website-logo.png","width":351,"height":101,"caption":"Conraddesign"},"image":{"@id":"https:\/\/conraddesign.dk\/de\/#\/schema\/logo\/image\/"}}]}},"_links":{"self":[{"href":"https:\/\/conraddesign.dk\/de\/wp-json\/wp\/v2\/product\/14289","targetHints":{"allow":["GET"]}}],"collection":[{"href":"https:\/\/conraddesign.dk\/de\/wp-json\/wp\/v2\/product"}],"about":[{"href":"https:\/\/conraddesign.dk\/de\/wp-json\/wp\/v2\/types\/product"}],"version-history":[{"count":1,"href":"https:\/\/conraddesign.dk\/de\/wp-json\/wp\/v2\/product\/14289\/revisions"}],"predecessor-version":[{"id":14290,"href":"https:\/\/conraddesign.dk\/de\/wp-json\/wp\/v2\/product\/14289\/revisions\/14290"}],"wp:featuredmedia":[{"embeddable":true,"href":"https:\/\/conraddesign.dk\/de\/wp-json\/wp\/v2\/media\/10668"}],"wp:attachment":[{"href":"https:\/\/conraddesign.dk\/de\/wp-json\/wp\/v2\/media?parent=14289"}],"wp:term":[{"taxonomy":"product_brand","embeddable":true,"href":"https:\/\/conraddesign.dk\/de\/wp-json\/wp\/v2\/product_brand?post=14289"},{"taxonomy":"product_cat","embeddable":true,"href":"https:\/\/conraddesign.dk\/de\/wp-json\/wp\/v2\/product_cat?post=14289"},{"taxonomy":"product_tag","embeddable":true,"href":"https:\/\/conraddesign.dk\/de\/wp-json\/wp\/v2\/product_tag?post=14289"}],"curies":[{"name":"wp","href":"https:\/\/api.w.org\/{rel}","templated":true}]}}