{"id":17491,"date":"2026-01-03T15:27:07","date_gmt":"2026-01-03T14:27:07","guid":{"rendered":"https:\/\/conraddesign.dk\/?post_type=product&#038;p=17491"},"modified":"2026-01-04T11:19:44","modified_gmt":"2026-01-04T10:19:44","slug":"cleo-kopier","status":"publish","type":"product","link":"https:\/\/conraddesign.dk\/de\/shop\/haekelset\/cleo-kopier\/","title":{"rendered":"Cleo (Kopier)"},"content":{"rendered":"<p>Gr\u00f6\u00dfe: <strong>ONE SIZE<\/strong><\/p>\n<ul>\n<li>Die Breite der Strickarbeit unten: ungef\u00e4hr 88 cm<\/li>\n<li>Die Breite der Strickarbeit unten: ungef\u00e4hr 88 cm<\/li>\n<li>L\u00e4nge: von dem fertiggestrickem Pulli: ungef\u00e4hr 53 cm<\/li>\n<\/ul>\n<p>Material:<\/p>\n<ul>\n<li>100% Alpaka<\/li>\n<li>Coast 55% Schurwolle \/ 45% Baumwolle<\/li>\n<\/ul>\n<p>Rundstricknadel: 4,5 Nadel 3,5 f\u00fcr die Kanten mit I-cord<\/p>\n<p>Design: Ketty Conrad<\/p>\n","protected":false},"excerpt":{"rendered":"<p>Gr\u00f6\u00dfe: <strong>ONE SIZE<\/strong><\/p>\n<p>Der Pulli zeigt sich apart und kreativ<\/p>\n<p>Wolle:<\/p>\n<ul>\n<li>Alpaka: Tundra<\/li>\n<li>Coast: Tundra<\/li>\n<\/ul>\n<p>Strickset enth\u00e4lt Wolle und deutsche Strikanweisungen<\/p>\n<p>Wenn Sie ein l\u00e4ngeres oder breiteres Pulli w\u00fcnschen, k\u00f6nnen Sie bei der Auswahl einer Gr\u00f6\u00dfe zus\u00e4tzliches Garn kaufen<\/p>\n","protected":false},"featured_media":16762,"template":"","meta":{"_acf_changed":false},"product_brand":[],"product_cat":[406],"product_tag":[],"class_list":{"0":"post-17491","1":"product","2":"type-product","3":"status-publish","4":"has-post-thumbnail","6":"product_cat-haekelset","7":"pa_farve-gruen-2","8":"pa_farve-blau","9":"pa_stoerrelse-2-5-aar","10":"pa_stoerrelse-5-10-year","11":"pa_stoerrelse-s-m-3","12":"pa_stoerrelse-xxxl-xxxxl","13":"pa_stoerrelse-xl","14":"pa_stoerrelse-6-9-aar","15":"pa_stoerrelse-4-6-year","16":"pa_stoerrelse-s-m-kun-bundfarve-og-kant","17":"pa_stoerrelse-l-xxl-2","18":"pa_stoerrelse-xl-xxl-base-color-only","19":"pa_stoerrelse-5-10-aar","20":"pa_stoerrelse-2-7-year","21":"pa_stoerrelse-s-xxl","22":"pa_stoerrelse-l-xl-3","23":"pa_stoerrelse-s-m-base-color-and-edge-only","24":"pa_stoerrelse-l-xl","25":"pa_stoerrelse-l-xl-base-color-and-edge-only","26":"pa_stoerrelse-s-m","27":"pa_stoerrelse-l","28":"pa_stoerrelse-s-l-base-color-only","29":"pa_stoerrelse-m-l","30":"pa_stoerrelse-xxl","31":"pa_stoerrelse-l-xl-2","32":"pa_stoerrelse-stoerrelse-2","33":"pa_stoerrelse-groen-blaa","34":"pa_stoerrelse-pink-purple","35":"pa_stoerrelse-m-xl","36":"pa_stoerrelse-xs-l","37":"pa_stoerrelse-l-xl-kun-bundfarve-og-kant","38":"pa_stoerrelse-stoerrelse-1","39":"pa_stoerrelse-11-13-aar","40":"pa_stoerrelse-green-blue","41":"pa_stoerrelse-one-size","42":"pa_stoerrelse-x-s-l","43":"pa_stoerrelse-l-xxl","44":"pa_stoerrelse-tilkoeb-ekstra-garn-en-noegle-af-hver-garntype","45":"pa_stoerrelse-8-13-aar","46":"pa_stoerrelse-11-13-year","47":"pa_stoerrelse-pink-lilla","48":"pa_stoerrelse-xl-xxxxl","49":"pa_stoerrelse-s","50":"pa_stoerrelse-tilkoeb-ekstra-garn-et-noegle-af-hver-garntype","51":"pa_stoerrelse-8-10-aar","52":"pa_stoerrelse-8-10-year","53":"pa_stoerrelse-s-l","54":"pa_stoerrelse-2-5-year","55":"pa_stoerrelse-m","56":"pa_stoerrelse-xl-xxl","57":"pa_stoerrelse-4-6-aar","58":"pa_stoerrelse-8-13-year","59":"pa_stoerrelse-s-l-kun-bundfarve","60":"pa_stoerrelse-xl-xxxl-tilkoeb-ekstra-garn","61":"pa_stoerrelse-s-m-2","62":"pa_stoerrelse-xl-xxl-kun-bundfarve","63":"pa_stoerrelse-2-7-aar","64":"pa_stoerrelse-6-9-year","65":"pa_stoerrelse-s-l-tilkoeb-ekstra-garn","66":"pa_stoerrelse-xl-xxxl-2","67":"pa_stoerrelse-xs-l-2","68":"pa_stoerrelse-xl-xxxl","69":"pa_storrelse-xl-xxxl-2","70":"pa_storrelse-s-l","71":"pa_storrelse-s-l-kaufen-zusaetzliches-wolle","72":"pa_storrelse-xl-xxxl-kaufen-sie-zusaetzliches-wolle","73":"pa_storrelse-xl-xxxl","74":"tm-has-options","76":"first","77":"instock","78":"taxable","79":"shipping-taxable","80":"purchasable","81":"product-type-variable"},"acf":[],"yoast_head":"<!-- This site is optimized with the Yoast SEO plugin v27.5 - https:\/\/yoast.com\/product\/yoast-seo-wordpress\/ -->\n<title>Cleo (Kopier) - Conraddesign<\/title>\n<meta name=\"robots\" content=\"index, follow, max-snippet:-1, max-image-preview:large, max-video-preview:-1\" \/>\n<link rel=\"canonical\" href=\"https:\/\/conraddesign.dk\/de\/shop\/haekelset\/cleo-kopier\/\" \/>\n<meta property=\"og:locale\" content=\"de_DE\" \/>\n<meta property=\"og:type\" content=\"article\" \/>\n<meta property=\"og:title\" content=\"Cleo (Kopier) - Conraddesign\" \/>\n<meta property=\"og:description\" content=\"Gr\u00f6\u00dfe: ONE SIZE Der Pulli zeigt sich apart und kreativ Wolle:  Alpaka: Tundra  Coast: Tundra Strickset enth\u00e4lt Wolle und deutsche Strikanweisungen Wenn Sie ein l\u00e4ngeres oder breiteres Pulli w\u00fcnschen, k\u00f6nnen Sie bei der Auswahl einer Gr\u00f6\u00dfe zus\u00e4tzliches Garn kaufen\" \/>\n<meta property=\"og:url\" content=\"https:\/\/conraddesign.dk\/de\/shop\/haekelset\/cleo-kopier\/\" \/>\n<meta property=\"og:site_name\" content=\"Conraddesign\" \/>\n<meta property=\"article:modified_time\" content=\"2026-01-04T10:19:44+00:00\" \/>\n<meta property=\"og:image\" content=\"https:\/\/conraddesign.dk\/wp-content\/uploads\/Blaa-front1.jpg\" \/>\n\t<meta property=\"og:image:width\" content=\"1440\" \/>\n\t<meta property=\"og:image:height\" content=\"1920\" \/>\n\t<meta property=\"og:image:type\" content=\"image\/jpeg\" \/>\n<meta name=\"twitter:card\" content=\"summary_large_image\" \/>\n<script type=\"application\/ld+json\" class=\"yoast-schema-graph\">{\"@context\":\"https:\\\/\\\/schema.org\",\"@graph\":[{\"@type\":\"WebPage\",\"@id\":\"https:\\\/\\\/conraddesign.dk\\\/de\\\/shop\\\/haekelset\\\/cleo-kopier\\\/\",\"url\":\"https:\\\/\\\/conraddesign.dk\\\/de\\\/shop\\\/haekelset\\\/cleo-kopier\\\/\",\"name\":\"Cleo (Kopier) - Conraddesign\",\"isPartOf\":{\"@id\":\"https:\\\/\\\/conraddesign.dk\\\/de\\\/#website\"},\"primaryImageOfPage\":{\"@id\":\"https:\\\/\\\/conraddesign.dk\\\/de\\\/shop\\\/haekelset\\\/cleo-kopier\\\/#primaryimage\"},\"image\":{\"@id\":\"https:\\\/\\\/conraddesign.dk\\\/de\\\/shop\\\/haekelset\\\/cleo-kopier\\\/#primaryimage\"},\"thumbnailUrl\":\"https:\\\/\\\/conraddesign.dk\\\/wp-content\\\/uploads\\\/Blaa-front1.jpg\",\"datePublished\":\"2026-01-03T14:27:07+00:00\",\"dateModified\":\"2026-01-04T10:19:44+00:00\",\"breadcrumb\":{\"@id\":\"https:\\\/\\\/conraddesign.dk\\\/de\\\/shop\\\/haekelset\\\/cleo-kopier\\\/#breadcrumb\"},\"inLanguage\":\"de\",\"potentialAction\":[{\"@type\":\"ReadAction\",\"target\":[\"https:\\\/\\\/conraddesign.dk\\\/de\\\/shop\\\/haekelset\\\/cleo-kopier\\\/\"]}]},{\"@type\":\"ImageObject\",\"inLanguage\":\"de\",\"@id\":\"https:\\\/\\\/conraddesign.dk\\\/de\\\/shop\\\/haekelset\\\/cleo-kopier\\\/#primaryimage\",\"url\":\"https:\\\/\\\/conraddesign.dk\\\/wp-content\\\/uploads\\\/Blaa-front1.jpg\",\"contentUrl\":\"https:\\\/\\\/conraddesign.dk\\\/wp-content\\\/uploads\\\/Blaa-front1.jpg\",\"width\":1440,\"height\":1920},{\"@type\":\"BreadcrumbList\",\"@id\":\"https:\\\/\\\/conraddesign.dk\\\/de\\\/shop\\\/haekelset\\\/cleo-kopier\\\/#breadcrumb\",\"itemListElement\":[{\"@type\":\"ListItem\",\"position\":1,\"name\":\"Forside\",\"item\":\"https:\\\/\\\/conraddesign.dk\\\/de\\\/\"},{\"@type\":\"ListItem\",\"position\":2,\"name\":\"Shop\",\"item\":\"https:\\\/\\\/conraddesign.dk\\\/de\\\/shop\\\/\"},{\"@type\":\"ListItem\",\"position\":3,\"name\":\"H\u00e4kelset\",\"item\":\"https:\\\/\\\/conraddesign.dk\\\/de\\\/shoppen\\\/haekelset\\\/\"},{\"@type\":\"ListItem\",\"position\":4,\"name\":\"Cleo (Kopier)\"}]},{\"@type\":\"WebSite\",\"@id\":\"https:\\\/\\\/conraddesign.dk\\\/de\\\/#website\",\"url\":\"https:\\\/\\\/conraddesign.dk\\\/de\\\/\",\"name\":\"Conraddesign\",\"description\":\"\",\"publisher\":{\"@id\":\"https:\\\/\\\/conraddesign.dk\\\/de\\\/#organization\"},\"potentialAction\":[{\"@type\":\"SearchAction\",\"target\":{\"@type\":\"EntryPoint\",\"urlTemplate\":\"https:\\\/\\\/conraddesign.dk\\\/de\\\/?s={search_term_string}\"},\"query-input\":{\"@type\":\"PropertyValueSpecification\",\"valueRequired\":true,\"valueName\":\"search_term_string\"}}],\"inLanguage\":\"de\"},{\"@type\":\"Organization\",\"@id\":\"https:\\\/\\\/conraddesign.dk\\\/de\\\/#organization\",\"name\":\"Conraddesign\",\"url\":\"https:\\\/\\\/conraddesign.dk\\\/de\\\/\",\"logo\":{\"@type\":\"ImageObject\",\"inLanguage\":\"de\",\"@id\":\"https:\\\/\\\/conraddesign.dk\\\/de\\\/#\\\/schema\\\/logo\\\/image\\\/\",\"url\":\"https:\\\/\\\/conraddesign.dk\\\/wp-content\\\/uploads\\\/website-logo.png\",\"contentUrl\":\"https:\\\/\\\/conraddesign.dk\\\/wp-content\\\/uploads\\\/website-logo.png\",\"width\":351,\"height\":101,\"caption\":\"Conraddesign\"},\"image\":{\"@id\":\"https:\\\/\\\/conraddesign.dk\\\/de\\\/#\\\/schema\\\/logo\\\/image\\\/\"}}]}<\/script>\n<!-- \/ Yoast SEO plugin. -->","yoast_head_json":{"title":"Cleo (Kopier) - Conraddesign","robots":{"index":"index","follow":"follow","max-snippet":"max-snippet:-1","max-image-preview":"max-image-preview:large","max-video-preview":"max-video-preview:-1"},"canonical":"https:\/\/conraddesign.dk\/de\/shop\/haekelset\/cleo-kopier\/","og_locale":"de_DE","og_type":"article","og_title":"Cleo (Kopier) - Conraddesign","og_description":"Gr\u00f6\u00dfe: ONE SIZE Der Pulli zeigt sich apart und kreativ Wolle:  Alpaka: Tundra  Coast: Tundra Strickset enth\u00e4lt Wolle und deutsche Strikanweisungen Wenn Sie ein l\u00e4ngeres oder breiteres Pulli w\u00fcnschen, k\u00f6nnen Sie bei der Auswahl einer Gr\u00f6\u00dfe zus\u00e4tzliches Garn kaufen","og_url":"https:\/\/conraddesign.dk\/de\/shop\/haekelset\/cleo-kopier\/","og_site_name":"Conraddesign","article_modified_time":"2026-01-04T10:19:44+00:00","og_image":[{"width":1440,"height":1920,"url":"https:\/\/conraddesign.dk\/wp-content\/uploads\/Blaa-front1.jpg","type":"image\/jpeg"}],"twitter_card":"summary_large_image","schema":{"@context":"https:\/\/schema.org","@graph":[{"@type":"WebPage","@id":"https:\/\/conraddesign.dk\/de\/shop\/haekelset\/cleo-kopier\/","url":"https:\/\/conraddesign.dk\/de\/shop\/haekelset\/cleo-kopier\/","name":"Cleo (Kopier) - Conraddesign","isPartOf":{"@id":"https:\/\/conraddesign.dk\/de\/#website"},"primaryImageOfPage":{"@id":"https:\/\/conraddesign.dk\/de\/shop\/haekelset\/cleo-kopier\/#primaryimage"},"image":{"@id":"https:\/\/conraddesign.dk\/de\/shop\/haekelset\/cleo-kopier\/#primaryimage"},"thumbnailUrl":"https:\/\/conraddesign.dk\/wp-content\/uploads\/Blaa-front1.jpg","datePublished":"2026-01-03T14:27:07+00:00","dateModified":"2026-01-04T10:19:44+00:00","breadcrumb":{"@id":"https:\/\/conraddesign.dk\/de\/shop\/haekelset\/cleo-kopier\/#breadcrumb"},"inLanguage":"de","potentialAction":[{"@type":"ReadAction","target":["https:\/\/conraddesign.dk\/de\/shop\/haekelset\/cleo-kopier\/"]}]},{"@type":"ImageObject","inLanguage":"de","@id":"https:\/\/conraddesign.dk\/de\/shop\/haekelset\/cleo-kopier\/#primaryimage","url":"https:\/\/conraddesign.dk\/wp-content\/uploads\/Blaa-front1.jpg","contentUrl":"https:\/\/conraddesign.dk\/wp-content\/uploads\/Blaa-front1.jpg","width":1440,"height":1920},{"@type":"BreadcrumbList","@id":"https:\/\/conraddesign.dk\/de\/shop\/haekelset\/cleo-kopier\/#breadcrumb","itemListElement":[{"@type":"ListItem","position":1,"name":"Forside","item":"https:\/\/conraddesign.dk\/de\/"},{"@type":"ListItem","position":2,"name":"Shop","item":"https:\/\/conraddesign.dk\/de\/shop\/"},{"@type":"ListItem","position":3,"name":"H\u00e4kelset","item":"https:\/\/conraddesign.dk\/de\/shoppen\/haekelset\/"},{"@type":"ListItem","position":4,"name":"Cleo (Kopier)"}]},{"@type":"WebSite","@id":"https:\/\/conraddesign.dk\/de\/#website","url":"https:\/\/conraddesign.dk\/de\/","name":"Conraddesign","description":"","publisher":{"@id":"https:\/\/conraddesign.dk\/de\/#organization"},"potentialAction":[{"@type":"SearchAction","target":{"@type":"EntryPoint","urlTemplate":"https:\/\/conraddesign.dk\/de\/?s={search_term_string}"},"query-input":{"@type":"PropertyValueSpecification","valueRequired":true,"valueName":"search_term_string"}}],"inLanguage":"de"},{"@type":"Organization","@id":"https:\/\/conraddesign.dk\/de\/#organization","name":"Conraddesign","url":"https:\/\/conraddesign.dk\/de\/","logo":{"@type":"ImageObject","inLanguage":"de","@id":"https:\/\/conraddesign.dk\/de\/#\/schema\/logo\/image\/","url":"https:\/\/conraddesign.dk\/wp-content\/uploads\/website-logo.png","contentUrl":"https:\/\/conraddesign.dk\/wp-content\/uploads\/website-logo.png","width":351,"height":101,"caption":"Conraddesign"},"image":{"@id":"https:\/\/conraddesign.dk\/de\/#\/schema\/logo\/image\/"}}]}},"_links":{"self":[{"href":"https:\/\/conraddesign.dk\/de\/wp-json\/wp\/v2\/product\/17491","targetHints":{"allow":["GET"]}}],"collection":[{"href":"https:\/\/conraddesign.dk\/de\/wp-json\/wp\/v2\/product"}],"about":[{"href":"https:\/\/conraddesign.dk\/de\/wp-json\/wp\/v2\/types\/product"}],"version-history":[{"count":1,"href":"https:\/\/conraddesign.dk\/de\/wp-json\/wp\/v2\/product\/17491\/revisions"}],"predecessor-version":[{"id":17515,"href":"https:\/\/conraddesign.dk\/de\/wp-json\/wp\/v2\/product\/17491\/revisions\/17515"}],"wp:featuredmedia":[{"embeddable":true,"href":"https:\/\/conraddesign.dk\/de\/wp-json\/wp\/v2\/media\/16762"}],"wp:attachment":[{"href":"https:\/\/conraddesign.dk\/de\/wp-json\/wp\/v2\/media?parent=17491"}],"wp:term":[{"taxonomy":"product_brand","embeddable":true,"href":"https:\/\/conraddesign.dk\/de\/wp-json\/wp\/v2\/product_brand?post=17491"},{"taxonomy":"product_cat","embeddable":true,"href":"https:\/\/conraddesign.dk\/de\/wp-json\/wp\/v2\/product_cat?post=17491"},{"taxonomy":"product_tag","embeddable":true,"href":"https:\/\/conraddesign.dk\/de\/wp-json\/wp\/v2\/product_tag?post=17491"}],"curies":[{"name":"wp","href":"https:\/\/api.w.org\/{rel}","templated":true}]}}