{"id":12719,"date":"2018-02-20T09:21:24","date_gmt":"2018-02-20T08:21:24","guid":{"rendered":"https:\/\/conraddesign.dk\/shop\/uncategorized\/havet-2\/"},"modified":"2025-09-24T13:15:39","modified_gmt":"2025-09-24T11:15:39","slug":"havet-2","status":"publish","type":"product","link":"https:\/\/conraddesign.dk\/en\/shop\/knitting-kits\/knitting-kits-to-men\/havet-2\/","title":{"rendered":"Meer"},"content":{"rendered":"<p>Gr\u00f6\u00dfe: (S) &#8211; M &#8211; (L) &#8211; XL &#8211; (XXL)<\/p>\n<ul>\n<li>Brustweite: (52) &#8211; 55 &#8211; (58) &#8211; 61 &#8211; (64) cm<\/li>\n<li>Volle L\u00e4nge: (61) &#8211; 64 &#8211; (67) &#8211; 70 &#8211; (73) cm<\/li>\n<li>\u00c4rmell\u00e4nge: (52) &#8211; 55 &#8211; (58) &#8211; 61 &#8211; (64) cm<\/li>\n<\/ul>\n<p>Material: Coast, 55% Merino Lammwolle \u2013 45% Baumwolle.<\/p>\n<p>Mit Doppelfaden auf Nadeln gestrickt 4\u00bd<\/p>\n<p>Design: Helena Conrad<\/p>\n","protected":false},"excerpt":{"rendered":"<p>Gr\u00f6\u00dfe: S &#8211; XXL<\/p>\n<p>Das Hemd ist mit Hebemaschen am Vorderteil und Hinterteil gestrickt<\/p>\n<p>Strickset enth\u00e4lt Wolle und Strickanleitung<\/p>\n<p>Design: Helena Conrad<\/p>\n","protected":false},"featured_media":6991,"template":"","meta":{"_acf_changed":false},"product_brand":[],"product_cat":[369,370],"product_tag":[],"class_list":{"0":"post-12719","1":"product","2":"type-product","3":"status-publish","4":"has-post-thumbnail","6":"product_cat-knitting-kits","7":"product_cat-knitting-kits-to-men","8":"pa_farve-green-2","9":"pa_farve-blue-2","10":"pa_stoerrelse-xl-xxl","11":"pa_stoerrelse-s-l","12":"tm-no-options","14":"first","15":"instock","16":"taxable","17":"shipping-taxable","18":"purchasable","19":"product-type-variable"},"acf":[],"yoast_head":"<!-- This site is optimized with the Yoast SEO plugin v27.5 - https:\/\/yoast.com\/product\/yoast-seo-wordpress\/ -->\n<title>Meer - Conraddesign<\/title>\n<meta name=\"robots\" content=\"index, follow, max-snippet:-1, max-image-preview:large, max-video-preview:-1\" \/>\n<link rel=\"canonical\" href=\"https:\/\/conraddesign.dk\/en\/shop\/knitting-kits\/knitting-kits-to-men\/havet-2\/\" \/>\n<meta property=\"og:locale\" content=\"en_US\" \/>\n<meta property=\"og:type\" content=\"article\" \/>\n<meta property=\"og:title\" content=\"Meer - Conraddesign\" \/>\n<meta property=\"og:description\" content=\"Gr\u00f6\u00dfe: S - XXL Das Hemd ist mit Hebemaschen am Vorderteil und Hinterteil gestrickt Strickset enth\u00e4lt Wolle und Strickanleitung Design: Helena Conrad\" \/>\n<meta property=\"og:url\" content=\"https:\/\/conraddesign.dk\/en\/shop\/knitting-kits\/knitting-kits-to-men\/havet-2\/\" \/>\n<meta property=\"og:site_name\" content=\"Conraddesign\" \/>\n<meta property=\"article:modified_time\" content=\"2025-09-24T11:15:39+00:00\" \/>\n<meta property=\"og:image\" content=\"https:\/\/conraddesign.dk\/wp-content\/uploads\/havet-1.jpg\" \/>\n\t<meta property=\"og:image:width\" content=\"1440\" \/>\n\t<meta property=\"og:image:height\" content=\"1920\" \/>\n\t<meta property=\"og:image:type\" content=\"image\/jpeg\" \/>\n<meta name=\"twitter:card\" content=\"summary_large_image\" \/>\n<script type=\"application\/ld+json\" class=\"yoast-schema-graph\">{\"@context\":\"https:\\\/\\\/schema.org\",\"@graph\":[{\"@type\":\"WebPage\",\"@id\":\"https:\\\/\\\/conraddesign.dk\\\/en\\\/shop\\\/knitting-kits\\\/knitting-kits-to-men\\\/havet-2\\\/\",\"url\":\"https:\\\/\\\/conraddesign.dk\\\/en\\\/shop\\\/knitting-kits\\\/knitting-kits-to-men\\\/havet-2\\\/\",\"name\":\"Meer - Conraddesign\",\"isPartOf\":{\"@id\":\"https:\\\/\\\/conraddesign.dk\\\/en\\\/#website\"},\"primaryImageOfPage\":{\"@id\":\"https:\\\/\\\/conraddesign.dk\\\/en\\\/shop\\\/knitting-kits\\\/knitting-kits-to-men\\\/havet-2\\\/#primaryimage\"},\"image\":{\"@id\":\"https:\\\/\\\/conraddesign.dk\\\/en\\\/shop\\\/knitting-kits\\\/knitting-kits-to-men\\\/havet-2\\\/#primaryimage\"},\"thumbnailUrl\":\"https:\\\/\\\/conraddesign.dk\\\/wp-content\\\/uploads\\\/havet-1.jpg\",\"datePublished\":\"2018-02-20T08:21:24+00:00\",\"dateModified\":\"2025-09-24T11:15:39+00:00\",\"breadcrumb\":{\"@id\":\"https:\\\/\\\/conraddesign.dk\\\/en\\\/shop\\\/knitting-kits\\\/knitting-kits-to-men\\\/havet-2\\\/#breadcrumb\"},\"inLanguage\":\"en-US\",\"potentialAction\":[{\"@type\":\"ReadAction\",\"target\":[\"https:\\\/\\\/conraddesign.dk\\\/en\\\/shop\\\/knitting-kits\\\/knitting-kits-to-men\\\/havet-2\\\/\"]}]},{\"@type\":\"ImageObject\",\"inLanguage\":\"en-US\",\"@id\":\"https:\\\/\\\/conraddesign.dk\\\/en\\\/shop\\\/knitting-kits\\\/knitting-kits-to-men\\\/havet-2\\\/#primaryimage\",\"url\":\"https:\\\/\\\/conraddesign.dk\\\/wp-content\\\/uploads\\\/havet-1.jpg\",\"contentUrl\":\"https:\\\/\\\/conraddesign.dk\\\/wp-content\\\/uploads\\\/havet-1.jpg\",\"width\":1440,\"height\":1920},{\"@type\":\"BreadcrumbList\",\"@id\":\"https:\\\/\\\/conraddesign.dk\\\/en\\\/shop\\\/knitting-kits\\\/knitting-kits-to-men\\\/havet-2\\\/#breadcrumb\",\"itemListElement\":[{\"@type\":\"ListItem\",\"position\":1,\"name\":\"Forside\",\"item\":\"https:\\\/\\\/conraddesign.dk\\\/en\\\/\"},{\"@type\":\"ListItem\",\"position\":2,\"name\":\"Shop\",\"item\":\"https:\\\/\\\/conraddesign.dk\\\/en\\\/shop\\\/\"},{\"@type\":\"ListItem\",\"position\":3,\"name\":\"Knitting Kits\",\"item\":\"https:\\\/\\\/conraddesign.dk\\\/en\\\/shoppen\\\/knitting-kits\\\/\"},{\"@type\":\"ListItem\",\"position\":4,\"name\":\"Knitting Kits to Men\",\"item\":\"https:\\\/\\\/conraddesign.dk\\\/en\\\/shoppen\\\/knitting-kits\\\/knitting-kits-to-men\\\/\"},{\"@type\":\"ListItem\",\"position\":5,\"name\":\"Meer\"}]},{\"@type\":\"WebSite\",\"@id\":\"https:\\\/\\\/conraddesign.dk\\\/en\\\/#website\",\"url\":\"https:\\\/\\\/conraddesign.dk\\\/en\\\/\",\"name\":\"Conraddesign\",\"description\":\"\",\"publisher\":{\"@id\":\"https:\\\/\\\/conraddesign.dk\\\/en\\\/#organization\"},\"potentialAction\":[{\"@type\":\"SearchAction\",\"target\":{\"@type\":\"EntryPoint\",\"urlTemplate\":\"https:\\\/\\\/conraddesign.dk\\\/en\\\/?s={search_term_string}\"},\"query-input\":{\"@type\":\"PropertyValueSpecification\",\"valueRequired\":true,\"valueName\":\"search_term_string\"}}],\"inLanguage\":\"en-US\"},{\"@type\":\"Organization\",\"@id\":\"https:\\\/\\\/conraddesign.dk\\\/en\\\/#organization\",\"name\":\"Conraddesign\",\"url\":\"https:\\\/\\\/conraddesign.dk\\\/en\\\/\",\"logo\":{\"@type\":\"ImageObject\",\"inLanguage\":\"en-US\",\"@id\":\"https:\\\/\\\/conraddesign.dk\\\/en\\\/#\\\/schema\\\/logo\\\/image\\\/\",\"url\":\"https:\\\/\\\/conraddesign.dk\\\/wp-content\\\/uploads\\\/website-logo.png\",\"contentUrl\":\"https:\\\/\\\/conraddesign.dk\\\/wp-content\\\/uploads\\\/website-logo.png\",\"width\":351,\"height\":101,\"caption\":\"Conraddesign\"},\"image\":{\"@id\":\"https:\\\/\\\/conraddesign.dk\\\/en\\\/#\\\/schema\\\/logo\\\/image\\\/\"}}]}<\/script>\n<!-- \/ Yoast SEO plugin. -->","yoast_head_json":{"title":"Meer - Conraddesign","robots":{"index":"index","follow":"follow","max-snippet":"max-snippet:-1","max-image-preview":"max-image-preview:large","max-video-preview":"max-video-preview:-1"},"canonical":"https:\/\/conraddesign.dk\/en\/shop\/knitting-kits\/knitting-kits-to-men\/havet-2\/","og_locale":"en_US","og_type":"article","og_title":"Meer - Conraddesign","og_description":"Gr\u00f6\u00dfe: S - XXL Das Hemd ist mit Hebemaschen am Vorderteil und Hinterteil gestrickt Strickset enth\u00e4lt Wolle und Strickanleitung Design: Helena Conrad","og_url":"https:\/\/conraddesign.dk\/en\/shop\/knitting-kits\/knitting-kits-to-men\/havet-2\/","og_site_name":"Conraddesign","article_modified_time":"2025-09-24T11:15:39+00:00","og_image":[{"width":1440,"height":1920,"url":"https:\/\/conraddesign.dk\/wp-content\/uploads\/havet-1.jpg","type":"image\/jpeg"}],"twitter_card":"summary_large_image","schema":{"@context":"https:\/\/schema.org","@graph":[{"@type":"WebPage","@id":"https:\/\/conraddesign.dk\/en\/shop\/knitting-kits\/knitting-kits-to-men\/havet-2\/","url":"https:\/\/conraddesign.dk\/en\/shop\/knitting-kits\/knitting-kits-to-men\/havet-2\/","name":"Meer - Conraddesign","isPartOf":{"@id":"https:\/\/conraddesign.dk\/en\/#website"},"primaryImageOfPage":{"@id":"https:\/\/conraddesign.dk\/en\/shop\/knitting-kits\/knitting-kits-to-men\/havet-2\/#primaryimage"},"image":{"@id":"https:\/\/conraddesign.dk\/en\/shop\/knitting-kits\/knitting-kits-to-men\/havet-2\/#primaryimage"},"thumbnailUrl":"https:\/\/conraddesign.dk\/wp-content\/uploads\/havet-1.jpg","datePublished":"2018-02-20T08:21:24+00:00","dateModified":"2025-09-24T11:15:39+00:00","breadcrumb":{"@id":"https:\/\/conraddesign.dk\/en\/shop\/knitting-kits\/knitting-kits-to-men\/havet-2\/#breadcrumb"},"inLanguage":"en-US","potentialAction":[{"@type":"ReadAction","target":["https:\/\/conraddesign.dk\/en\/shop\/knitting-kits\/knitting-kits-to-men\/havet-2\/"]}]},{"@type":"ImageObject","inLanguage":"en-US","@id":"https:\/\/conraddesign.dk\/en\/shop\/knitting-kits\/knitting-kits-to-men\/havet-2\/#primaryimage","url":"https:\/\/conraddesign.dk\/wp-content\/uploads\/havet-1.jpg","contentUrl":"https:\/\/conraddesign.dk\/wp-content\/uploads\/havet-1.jpg","width":1440,"height":1920},{"@type":"BreadcrumbList","@id":"https:\/\/conraddesign.dk\/en\/shop\/knitting-kits\/knitting-kits-to-men\/havet-2\/#breadcrumb","itemListElement":[{"@type":"ListItem","position":1,"name":"Forside","item":"https:\/\/conraddesign.dk\/en\/"},{"@type":"ListItem","position":2,"name":"Shop","item":"https:\/\/conraddesign.dk\/en\/shop\/"},{"@type":"ListItem","position":3,"name":"Knitting Kits","item":"https:\/\/conraddesign.dk\/en\/shoppen\/knitting-kits\/"},{"@type":"ListItem","position":4,"name":"Knitting Kits to Men","item":"https:\/\/conraddesign.dk\/en\/shoppen\/knitting-kits\/knitting-kits-to-men\/"},{"@type":"ListItem","position":5,"name":"Meer"}]},{"@type":"WebSite","@id":"https:\/\/conraddesign.dk\/en\/#website","url":"https:\/\/conraddesign.dk\/en\/","name":"Conraddesign","description":"","publisher":{"@id":"https:\/\/conraddesign.dk\/en\/#organization"},"potentialAction":[{"@type":"SearchAction","target":{"@type":"EntryPoint","urlTemplate":"https:\/\/conraddesign.dk\/en\/?s={search_term_string}"},"query-input":{"@type":"PropertyValueSpecification","valueRequired":true,"valueName":"search_term_string"}}],"inLanguage":"en-US"},{"@type":"Organization","@id":"https:\/\/conraddesign.dk\/en\/#organization","name":"Conraddesign","url":"https:\/\/conraddesign.dk\/en\/","logo":{"@type":"ImageObject","inLanguage":"en-US","@id":"https:\/\/conraddesign.dk\/en\/#\/schema\/logo\/image\/","url":"https:\/\/conraddesign.dk\/wp-content\/uploads\/website-logo.png","contentUrl":"https:\/\/conraddesign.dk\/wp-content\/uploads\/website-logo.png","width":351,"height":101,"caption":"Conraddesign"},"image":{"@id":"https:\/\/conraddesign.dk\/en\/#\/schema\/logo\/image\/"}}]}},"_links":{"self":[{"href":"https:\/\/conraddesign.dk\/en\/wp-json\/wp\/v2\/product\/12719","targetHints":{"allow":["GET"]}}],"collection":[{"href":"https:\/\/conraddesign.dk\/en\/wp-json\/wp\/v2\/product"}],"about":[{"href":"https:\/\/conraddesign.dk\/en\/wp-json\/wp\/v2\/types\/product"}],"version-history":[{"count":1,"href":"https:\/\/conraddesign.dk\/en\/wp-json\/wp\/v2\/product\/12719\/revisions"}],"predecessor-version":[{"id":12720,"href":"https:\/\/conraddesign.dk\/en\/wp-json\/wp\/v2\/product\/12719\/revisions\/12720"}],"wp:featuredmedia":[{"embeddable":true,"href":"https:\/\/conraddesign.dk\/en\/wp-json\/wp\/v2\/media\/6991"}],"wp:attachment":[{"href":"https:\/\/conraddesign.dk\/en\/wp-json\/wp\/v2\/media?parent=12719"}],"wp:term":[{"taxonomy":"product_brand","embeddable":true,"href":"https:\/\/conraddesign.dk\/en\/wp-json\/wp\/v2\/product_brand?post=12719"},{"taxonomy":"product_cat","embeddable":true,"href":"https:\/\/conraddesign.dk\/en\/wp-json\/wp\/v2\/product_cat?post=12719"},{"taxonomy":"product_tag","embeddable":true,"href":"https:\/\/conraddesign.dk\/en\/wp-json\/wp\/v2\/product_tag?post=12719"}],"curies":[{"name":"wp","href":"https:\/\/api.w.org\/{rel}","templated":true}]}}